{"id":2028,"date":"2021-08-12T18:31:50","date_gmt":"2021-08-12T16:31:50","guid":{"rendered":"https:\/\/www.soins-cp.com\/produit\/fluido-rassodante-modellante\/"},"modified":"2021-08-12T18:31:50","modified_gmt":"2021-08-12T16:31:50","slug":"fluido-rassodante-modellante","status":"publish","type":"product","link":"https:\/\/www.soins-cp.com\/it\/produit\/fluido-rassodante-modellante\/","title":{"rendered":"Fluido rassodante modellante"},"content":{"rendered":"<div class=\"row align-center description\">\n<div class=\"columns small-12 medium-12 text-center\">\n<h4>AZIONE<\/h4>\n<div class=\"desc-text\">\n<p class=\"p1\"><span class=\"s1\">Il Fluido Rassodante \u00e8 un trattamento anti-et\u00e0 che rassoda i contorni del corpo: il suo esclusivo complesso anti-et\u00e0 LPG a base di acido ialuronico agisce efficacemente sulla formazione di collagene ed elastina naturali e ne previene la degradazione. Permette di rinnovare la funzionalit\u00e0 dei principali attori della giovinezza e della compattezza della pelle. Il principio attivo Dynalift altamente dosato forma un film protettivo sulla pelle per un effetto tensore immediato e duraturo.<\/span><\/p>\n<\/div>\n<\/div>\n<\/div>\n<div class=\"row align-center description\">\n<div class=\"columns small-12 medium-4 text-center\">\n<h4>TEXTURA<\/h4>\n<div class=\"desc-text\">\n<p class=\"p1\"><span class=\"s1\">Fluido nutriente leggermente profumato che penetra rapidamente.<\/span><\/p>\n<\/div>\n<\/div>\n<div class=\"columns small-12 medium-4 text-center\">\n<h4>COMPOSIZIONE<\/h4>\n<div class=\"desc-text\">\n<p class=\"p1\"><span class=\"s1\">2% Complesso antiet\u00e0 esclusivo LPG<\/span><\/p>\n<p class=\"p1\"><span class=\"s1\">7% Dynalift\u00ae<\/span><\/p>\n<p class=\"p1\"><strong><span class=\"s1\">Tubo da 150 ml<\/span><\/strong><\/p>\n<\/div>\n<\/div>\n<div class=\"columns small-12 medium-4 text-center\">\n<h4>APPLICAZIONE<\/h4>\n<div class=\"desc-text\">\n<p class=\"p1\"><span class=\"s1\">Applicare mattina e sera su tutto il corpo, insistendo sulle zone rilassate fino a completo assorbimento del prodotto.<\/span><\/p>\n<\/div>\n<\/div>\n<\/div>\n","protected":false},"excerpt":{"rendered":"<p>Effetto lifting e modellante immediato<br \/>\nRassoda i contorni del corpo<\/p>\n","protected":false},"featured_media":1103,"template":"","meta":[],"product_brand":[],"product_cat":[64],"product_tag":[],"class_list":{"0":"post-2028","1":"product","2":"type-product","3":"status-publish","4":"has-post-thumbnail","6":"product_cat-cosmetici-per-il-corpo","8":"first","9":"outofstock","10":"shipping-taxable","11":"purchasable","12":"product-type-simple"},"yoast_head":"<!-- This site is optimized with the Yoast SEO plugin v27.5 - https:\/\/yoast.com\/product\/yoast-seo-wordpress\/ -->\n<title>Fluido rassodante modellante &#187; Soins CP - LPG Solothurn traitement cellulite<\/title>\n<meta name=\"robots\" content=\"index, follow, max-snippet:-1, max-image-preview:large, max-video-preview:-1\" \/>\n<link rel=\"canonical\" href=\"https:\/\/www.soins-cp.com\/it\/produit\/fluido-rassodante-modellante\/\" \/>\n<meta property=\"og:locale\" content=\"it_IT\" \/>\n<meta property=\"og:type\" content=\"article\" \/>\n<meta property=\"og:title\" content=\"Fluido rassodante modellante &#187; Soins CP - LPG Solothurn traitement cellulite\" \/>\n<meta property=\"og:description\" content=\"Effetto lifting e modellante immediato Rassoda i contorni del corpo\" \/>\n<meta property=\"og:url\" content=\"https:\/\/www.soins-cp.com\/it\/produit\/fluido-rassodante-modellante\/\" \/>\n<meta property=\"og:site_name\" content=\"Soins CP - LPG Solothurn traitement cellulite\" \/>\n<meta property=\"og:image\" content=\"https:\/\/www.soins-cp.com\/wp-content\/uploads\/2021\/08\/produit-fluide-fermete-gainant-e1488279191563.png\" \/>\n\t<meta property=\"og:image:width\" content=\"460\" \/>\n\t<meta property=\"og:image:height\" content=\"460\" \/>\n\t<meta property=\"og:image:type\" content=\"image\/png\" \/>\n<meta name=\"twitter:card\" content=\"summary_large_image\" \/>\n<meta name=\"twitter:label1\" content=\"Tempo di lettura stimato\" \/>\n\t<meta name=\"twitter:data1\" content=\"1 minuto\" \/>\n<script type=\"application\/ld+json\" class=\"yoast-schema-graph\">{\"@context\":\"https:\\\/\\\/schema.org\",\"@graph\":[{\"@type\":\"WebPage\",\"@id\":\"https:\\\/\\\/www.soins-cp.com\\\/it\\\/produit\\\/fluido-rassodante-modellante\\\/\",\"url\":\"https:\\\/\\\/www.soins-cp.com\\\/it\\\/produit\\\/fluido-rassodante-modellante\\\/\",\"name\":\"Fluido rassodante modellante &#187; Soins CP - LPG Solothurn traitement cellulite\",\"isPartOf\":{\"@id\":\"https:\\\/\\\/www.soins-cp.com\\\/it\\\/#website\"},\"primaryImageOfPage\":{\"@id\":\"https:\\\/\\\/www.soins-cp.com\\\/it\\\/produit\\\/fluido-rassodante-modellante\\\/#primaryimage\"},\"image\":{\"@id\":\"https:\\\/\\\/www.soins-cp.com\\\/it\\\/produit\\\/fluido-rassodante-modellante\\\/#primaryimage\"},\"thumbnailUrl\":\"https:\\\/\\\/www.soins-cp.com\\\/wp-content\\\/uploads\\\/2021\\\/08\\\/produit-fluide-fermete-gainant-e1488279191563.png\",\"datePublished\":\"2021-08-12T16:31:50+00:00\",\"breadcrumb\":{\"@id\":\"https:\\\/\\\/www.soins-cp.com\\\/it\\\/produit\\\/fluido-rassodante-modellante\\\/#breadcrumb\"},\"inLanguage\":\"it-IT\",\"potentialAction\":[{\"@type\":\"ReadAction\",\"target\":[\"https:\\\/\\\/www.soins-cp.com\\\/it\\\/produit\\\/fluido-rassodante-modellante\\\/\"]}]},{\"@type\":\"ImageObject\",\"inLanguage\":\"it-IT\",\"@id\":\"https:\\\/\\\/www.soins-cp.com\\\/it\\\/produit\\\/fluido-rassodante-modellante\\\/#primaryimage\",\"url\":\"https:\\\/\\\/www.soins-cp.com\\\/wp-content\\\/uploads\\\/2021\\\/08\\\/produit-fluide-fermete-gainant-e1488279191563.png\",\"contentUrl\":\"https:\\\/\\\/www.soins-cp.com\\\/wp-content\\\/uploads\\\/2021\\\/08\\\/produit-fluide-fermete-gainant-e1488279191563.png\",\"width\":460,\"height\":460},{\"@type\":\"BreadcrumbList\",\"@id\":\"https:\\\/\\\/www.soins-cp.com\\\/it\\\/produit\\\/fluido-rassodante-modellante\\\/#breadcrumb\",\"itemListElement\":[{\"@type\":\"ListItem\",\"position\":1,\"name\":\"Accueil\",\"item\":\"https:\\\/\\\/www.soins-cp.com\\\/it\\\/home\\\/\"},{\"@type\":\"ListItem\",\"position\":2,\"name\":\"Negozio\",\"item\":\"https:\\\/\\\/www.soins-cp.com\\\/it\\\/negozio\\\/\"},{\"@type\":\"ListItem\",\"position\":3,\"name\":\"Fluido rassodante modellante\"}]},{\"@type\":\"WebSite\",\"@id\":\"https:\\\/\\\/www.soins-cp.com\\\/it\\\/#website\",\"url\":\"https:\\\/\\\/www.soins-cp.com\\\/it\\\/\",\"name\":\"Soins CP - LPG Solothurn traitement cellulite\",\"description\":\"LPG endermologie - Soins Visage &amp; Corps\",\"publisher\":{\"@id\":\"https:\\\/\\\/www.soins-cp.com\\\/it\\\/#organization\"},\"potentialAction\":[{\"@type\":\"SearchAction\",\"target\":{\"@type\":\"EntryPoint\",\"urlTemplate\":\"https:\\\/\\\/www.soins-cp.com\\\/it\\\/?s={search_term_string}\"},\"query-input\":{\"@type\":\"PropertyValueSpecification\",\"valueRequired\":true,\"valueName\":\"search_term_string\"}}],\"inLanguage\":\"it-IT\"},{\"@type\":\"Organization\",\"@id\":\"https:\\\/\\\/www.soins-cp.com\\\/it\\\/#organization\",\"name\":\"Soins CP\",\"url\":\"https:\\\/\\\/www.soins-cp.com\\\/it\\\/\",\"logo\":{\"@type\":\"ImageObject\",\"inLanguage\":\"it-IT\",\"@id\":\"https:\\\/\\\/www.soins-cp.com\\\/it\\\/#\\\/schema\\\/logo\\\/image\\\/\",\"url\":\"https:\\\/\\\/www.soins-cp.com\\\/wp-content\\\/uploads\\\/2021\\\/06\\\/cropped-Logoendermologie-e1629976840663.jpg\",\"contentUrl\":\"https:\\\/\\\/www.soins-cp.com\\\/wp-content\\\/uploads\\\/2021\\\/06\\\/cropped-Logoendermologie-e1629976840663.jpg\",\"width\":160,\"height\":160,\"caption\":\"Soins CP\"},\"image\":{\"@id\":\"https:\\\/\\\/www.soins-cp.com\\\/it\\\/#\\\/schema\\\/logo\\\/image\\\/\"}}]}<\/script>\n<!-- \/ Yoast SEO plugin. -->","yoast_head_json":{"title":"Fluido rassodante modellante &#187; Soins CP - LPG Solothurn traitement cellulite","robots":{"index":"index","follow":"follow","max-snippet":"max-snippet:-1","max-image-preview":"max-image-preview:large","max-video-preview":"max-video-preview:-1"},"canonical":"https:\/\/www.soins-cp.com\/it\/produit\/fluido-rassodante-modellante\/","og_locale":"it_IT","og_type":"article","og_title":"Fluido rassodante modellante &#187; Soins CP - LPG Solothurn traitement cellulite","og_description":"Effetto lifting e modellante immediato Rassoda i contorni del corpo","og_url":"https:\/\/www.soins-cp.com\/it\/produit\/fluido-rassodante-modellante\/","og_site_name":"Soins CP - LPG Solothurn traitement cellulite","og_image":[{"width":460,"height":460,"url":"https:\/\/www.soins-cp.com\/wp-content\/uploads\/2021\/08\/produit-fluide-fermete-gainant-e1488279191563.png","type":"image\/png"}],"twitter_card":"summary_large_image","twitter_misc":{"Tempo di lettura stimato":"1 minuto"},"schema":{"@context":"https:\/\/schema.org","@graph":[{"@type":"WebPage","@id":"https:\/\/www.soins-cp.com\/it\/produit\/fluido-rassodante-modellante\/","url":"https:\/\/www.soins-cp.com\/it\/produit\/fluido-rassodante-modellante\/","name":"Fluido rassodante modellante &#187; Soins CP - LPG Solothurn traitement cellulite","isPartOf":{"@id":"https:\/\/www.soins-cp.com\/it\/#website"},"primaryImageOfPage":{"@id":"https:\/\/www.soins-cp.com\/it\/produit\/fluido-rassodante-modellante\/#primaryimage"},"image":{"@id":"https:\/\/www.soins-cp.com\/it\/produit\/fluido-rassodante-modellante\/#primaryimage"},"thumbnailUrl":"https:\/\/www.soins-cp.com\/wp-content\/uploads\/2021\/08\/produit-fluide-fermete-gainant-e1488279191563.png","datePublished":"2021-08-12T16:31:50+00:00","breadcrumb":{"@id":"https:\/\/www.soins-cp.com\/it\/produit\/fluido-rassodante-modellante\/#breadcrumb"},"inLanguage":"it-IT","potentialAction":[{"@type":"ReadAction","target":["https:\/\/www.soins-cp.com\/it\/produit\/fluido-rassodante-modellante\/"]}]},{"@type":"ImageObject","inLanguage":"it-IT","@id":"https:\/\/www.soins-cp.com\/it\/produit\/fluido-rassodante-modellante\/#primaryimage","url":"https:\/\/www.soins-cp.com\/wp-content\/uploads\/2021\/08\/produit-fluide-fermete-gainant-e1488279191563.png","contentUrl":"https:\/\/www.soins-cp.com\/wp-content\/uploads\/2021\/08\/produit-fluide-fermete-gainant-e1488279191563.png","width":460,"height":460},{"@type":"BreadcrumbList","@id":"https:\/\/www.soins-cp.com\/it\/produit\/fluido-rassodante-modellante\/#breadcrumb","itemListElement":[{"@type":"ListItem","position":1,"name":"Accueil","item":"https:\/\/www.soins-cp.com\/it\/home\/"},{"@type":"ListItem","position":2,"name":"Negozio","item":"https:\/\/www.soins-cp.com\/it\/negozio\/"},{"@type":"ListItem","position":3,"name":"Fluido rassodante modellante"}]},{"@type":"WebSite","@id":"https:\/\/www.soins-cp.com\/it\/#website","url":"https:\/\/www.soins-cp.com\/it\/","name":"Soins CP - LPG Solothurn traitement cellulite","description":"LPG endermologie - Soins Visage &amp; Corps","publisher":{"@id":"https:\/\/www.soins-cp.com\/it\/#organization"},"potentialAction":[{"@type":"SearchAction","target":{"@type":"EntryPoint","urlTemplate":"https:\/\/www.soins-cp.com\/it\/?s={search_term_string}"},"query-input":{"@type":"PropertyValueSpecification","valueRequired":true,"valueName":"search_term_string"}}],"inLanguage":"it-IT"},{"@type":"Organization","@id":"https:\/\/www.soins-cp.com\/it\/#organization","name":"Soins CP","url":"https:\/\/www.soins-cp.com\/it\/","logo":{"@type":"ImageObject","inLanguage":"it-IT","@id":"https:\/\/www.soins-cp.com\/it\/#\/schema\/logo\/image\/","url":"https:\/\/www.soins-cp.com\/wp-content\/uploads\/2021\/06\/cropped-Logoendermologie-e1629976840663.jpg","contentUrl":"https:\/\/www.soins-cp.com\/wp-content\/uploads\/2021\/06\/cropped-Logoendermologie-e1629976840663.jpg","width":160,"height":160,"caption":"Soins CP"},"image":{"@id":"https:\/\/www.soins-cp.com\/it\/#\/schema\/logo\/image\/"}}]}},"_links":{"self":[{"href":"https:\/\/www.soins-cp.com\/it\/wp-json\/wp\/v2\/product\/2028","targetHints":{"allow":["GET"]}}],"collection":[{"href":"https:\/\/www.soins-cp.com\/it\/wp-json\/wp\/v2\/product"}],"about":[{"href":"https:\/\/www.soins-cp.com\/it\/wp-json\/wp\/v2\/types\/product"}],"wp:featuredmedia":[{"embeddable":true,"href":"https:\/\/www.soins-cp.com\/it\/wp-json\/wp\/v2\/media\/1103"}],"wp:attachment":[{"href":"https:\/\/www.soins-cp.com\/it\/wp-json\/wp\/v2\/media?parent=2028"}],"wp:term":[{"taxonomy":"product_brand","embeddable":true,"href":"https:\/\/www.soins-cp.com\/it\/wp-json\/wp\/v2\/product_brand?post=2028"},{"taxonomy":"product_cat","embeddable":true,"href":"https:\/\/www.soins-cp.com\/it\/wp-json\/wp\/v2\/product_cat?post=2028"},{"taxonomy":"product_tag","embeddable":true,"href":"https:\/\/www.soins-cp.com\/it\/wp-json\/wp\/v2\/product_tag?post=2028"}],"curies":[{"name":"wp","href":"https:\/\/api.w.org\/{rel}","templated":true}]}}