{"id":1530,"date":"2021-08-12T18:29:53","date_gmt":"2021-08-12T16:29:53","guid":{"rendered":"https:\/\/www.soins-cp.com\/produit\/anti-kapiton-komplex\/"},"modified":"2023-09-28T02:52:31","modified_gmt":"2023-09-28T00:52:31","slug":"anti-kapiton-komplex","status":"publish","type":"product","link":"https:\/\/www.soins-cp.com\/de\/produit\/anti-kapiton-komplex\/","title":{"rendered":"Anti-Kapiton-Komplex"},"content":{"rendered":"<div class=\"row align-center description\">\n<div class=\"columns small-12 medium-12 text-center\">\n<h4>AKTION<\/h4>\n<div class=\"desc-text\">\n<p class=\"p1\"><span class=\"s1\">Diese mit dem exklusiven LPG-Schlankheitskomplex angereicherte Angriffsbehandlung entstaut und gl\u00e4ttet das Erscheinungsbild von Fettzellulitis, die typisch f\u00fcr den gynoiden K\u00f6rperbau ist. Die Bodyfit\u00ae-Technologie verbessert den Fettabbau und beugt der Entstehung neuer Fettzellen vor.<\/span><\/p>\n<\/div>\n<\/div>\n<\/div>\n<div class=\"row align-center description\">\n<div class=\"columns small-12 medium-4 text-center\">\n<h4>TEXTURE<\/h4>\n<div class=\"desc-text\">\n<p class=\"p1\"><span class=\"s1\">Reichhaltige, leicht parf\u00fcmierte, angenehme und nicht klebende Emulsion, die schnell einzieht.<\/span><\/p>\n<\/div>\n<\/div>\n<div class=\"columns small-12 medium-4 text-center\">\n<h4>ZUSAMMENSETZUNG<\/h4>\n<div class=\"desc-text\">\n<p class=\"p1\"><span class=\"s1\">5 % Exklusiver LPG-Schlankheitskomplex<\/span><\/p>\n<p class=\"p1\"><span class=\"s1\">3 % Bodyfit\u00ae<\/span><\/p>\n<p class=\"p1\"><strong><span class=\"s1\">Tube mit 150 ml<\/span><\/strong><\/p>\n<\/div>\n<\/div>\n<div class=\"columns small-12 medium-4 text-center\">\n<h4>ANWENDUNG<\/h4>\n<div class=\"desc-text\">\n<p class=\"p1\"><span class=\"s1\">Morgens und abends auf die Zielzonen (H\u00fcften, Ges\u00e4\u00df, Oberschenkel, Knie) auftragen, bis das Produkt vollst\u00e4ndig eingezogen ist.<\/span><\/p>\n<p class=\"p1\"><span class=\"s1\">Besonders empfehlenswert bei adip\u00f6ser Cellulite.<\/span><\/p>\n<\/div>\n<\/div>\n<\/div>\n","protected":false},"excerpt":{"rendered":"<p>F\u00f6rdert den Abbau von Fett<br \/>\nGl\u00e4ttet das Erscheinungsbild von Cellulite<\/p>\n","protected":false},"featured_media":1435,"template":"","meta":[],"product_brand":[],"product_cat":[43],"product_tag":[],"class_list":{"0":"post-1530","1":"product","2":"type-product","3":"status-publish","4":"has-post-thumbnail","6":"product_cat-korperkosmetik","8":"first","9":"outofstock","10":"shipping-taxable","11":"purchasable","12":"product-type-simple"},"yoast_head":"<!-- This site is optimized with the Yoast SEO plugin v27.5 - https:\/\/yoast.com\/product\/yoast-seo-wordpress\/ -->\n<title>Anti-Kapiton-Komplex &#187; CP-Pflege - LPG Solothurn Cellulite-Behandlung<\/title>\n<meta name=\"robots\" content=\"index, follow, max-snippet:-1, max-image-preview:large, max-video-preview:-1\" \/>\n<link rel=\"canonical\" href=\"https:\/\/www.soins-cp.com\/de\/produit\/anti-kapiton-komplex\/\" \/>\n<meta property=\"og:locale\" content=\"de_DE\" \/>\n<meta property=\"og:type\" content=\"article\" \/>\n<meta property=\"og:title\" content=\"Anti-Kapiton-Komplex &#187; CP-Pflege - LPG Solothurn Cellulite-Behandlung\" \/>\n<meta property=\"og:description\" content=\"F\u00f6rdert den Abbau von Fett Gl\u00e4ttet das Erscheinungsbild von Cellulite\" \/>\n<meta property=\"og:url\" content=\"https:\/\/www.soins-cp.com\/de\/produit\/anti-kapiton-komplex\/\" \/>\n<meta property=\"og:site_name\" content=\"CP-Pflege - LPG Solothurn Cellulite-Behandlung\" \/>\n<meta property=\"article:modified_time\" content=\"2023-09-28T00:52:31+00:00\" \/>\n<meta property=\"og:image\" content=\"https:\/\/www.soins-cp.com\/wp-content\/uploads\/2021\/08\/produit-anticapiton-e1488278938943.png\" \/>\n\t<meta property=\"og:image:width\" content=\"460\" \/>\n\t<meta property=\"og:image:height\" content=\"460\" \/>\n\t<meta property=\"og:image:type\" content=\"image\/png\" \/>\n<meta name=\"twitter:card\" content=\"summary_large_image\" \/>\n<script type=\"application\/ld+json\" class=\"yoast-schema-graph\">{\"@context\":\"https:\\\/\\\/schema.org\",\"@graph\":[{\"@type\":\"WebPage\",\"@id\":\"https:\\\/\\\/www.soins-cp.com\\\/de\\\/produit\\\/anti-kapiton-komplex\\\/\",\"url\":\"https:\\\/\\\/www.soins-cp.com\\\/de\\\/produit\\\/anti-kapiton-komplex\\\/\",\"name\":\"Anti-Kapiton-Komplex &#187; CP-Pflege - LPG Solothurn Cellulite-Behandlung\",\"isPartOf\":{\"@id\":\"https:\\\/\\\/www.soins-cp.com\\\/de\\\/#website\"},\"primaryImageOfPage\":{\"@id\":\"https:\\\/\\\/www.soins-cp.com\\\/de\\\/produit\\\/anti-kapiton-komplex\\\/#primaryimage\"},\"image\":{\"@id\":\"https:\\\/\\\/www.soins-cp.com\\\/de\\\/produit\\\/anti-kapiton-komplex\\\/#primaryimage\"},\"thumbnailUrl\":\"https:\\\/\\\/www.soins-cp.com\\\/wp-content\\\/uploads\\\/2021\\\/08\\\/produit-anticapiton-e1488278938943.png\",\"datePublished\":\"2021-08-12T16:29:53+00:00\",\"dateModified\":\"2023-09-28T00:52:31+00:00\",\"breadcrumb\":{\"@id\":\"https:\\\/\\\/www.soins-cp.com\\\/de\\\/produit\\\/anti-kapiton-komplex\\\/#breadcrumb\"},\"inLanguage\":\"de\",\"potentialAction\":[{\"@type\":\"ReadAction\",\"target\":[\"https:\\\/\\\/www.soins-cp.com\\\/de\\\/produit\\\/anti-kapiton-komplex\\\/\"]}]},{\"@type\":\"ImageObject\",\"inLanguage\":\"de\",\"@id\":\"https:\\\/\\\/www.soins-cp.com\\\/de\\\/produit\\\/anti-kapiton-komplex\\\/#primaryimage\",\"url\":\"https:\\\/\\\/www.soins-cp.com\\\/wp-content\\\/uploads\\\/2021\\\/08\\\/produit-anticapiton-e1488278938943.png\",\"contentUrl\":\"https:\\\/\\\/www.soins-cp.com\\\/wp-content\\\/uploads\\\/2021\\\/08\\\/produit-anticapiton-e1488278938943.png\",\"width\":460,\"height\":460},{\"@type\":\"BreadcrumbList\",\"@id\":\"https:\\\/\\\/www.soins-cp.com\\\/de\\\/produit\\\/anti-kapiton-komplex\\\/#breadcrumb\",\"itemListElement\":[{\"@type\":\"ListItem\",\"position\":1,\"name\":\"Accueil\",\"item\":\"https:\\\/\\\/www.soins-cp.com\\\/de\\\/startseite\\\/\"},{\"@type\":\"ListItem\",\"position\":2,\"name\":\"Shop\",\"item\":\"https:\\\/\\\/www.soins-cp.com\\\/de\\\/shop\\\/\"},{\"@type\":\"ListItem\",\"position\":3,\"name\":\"Anti-Kapiton-Komplex\"}]},{\"@type\":\"WebSite\",\"@id\":\"https:\\\/\\\/www.soins-cp.com\\\/de\\\/#website\",\"url\":\"https:\\\/\\\/www.soins-cp.com\\\/de\\\/\",\"name\":\"CP-Pflege - LPG Solothurn Cellulite-Behandlung\",\"description\":\"LPG endermologie - Soins Visage &amp; Corps\",\"publisher\":{\"@id\":\"https:\\\/\\\/www.soins-cp.com\\\/de\\\/#organization\"},\"potentialAction\":[{\"@type\":\"SearchAction\",\"target\":{\"@type\":\"EntryPoint\",\"urlTemplate\":\"https:\\\/\\\/www.soins-cp.com\\\/de\\\/?s={search_term_string}\"},\"query-input\":{\"@type\":\"PropertyValueSpecification\",\"valueRequired\":true,\"valueName\":\"search_term_string\"}}],\"inLanguage\":\"de\"},{\"@type\":\"Organization\",\"@id\":\"https:\\\/\\\/www.soins-cp.com\\\/de\\\/#organization\",\"name\":\"Soins CP\",\"url\":\"https:\\\/\\\/www.soins-cp.com\\\/de\\\/\",\"logo\":{\"@type\":\"ImageObject\",\"inLanguage\":\"de\",\"@id\":\"https:\\\/\\\/www.soins-cp.com\\\/de\\\/#\\\/schema\\\/logo\\\/image\\\/\",\"url\":\"https:\\\/\\\/www.soins-cp.com\\\/wp-content\\\/uploads\\\/2021\\\/06\\\/cropped-Logoendermologie-e1629976840663.jpg\",\"contentUrl\":\"https:\\\/\\\/www.soins-cp.com\\\/wp-content\\\/uploads\\\/2021\\\/06\\\/cropped-Logoendermologie-e1629976840663.jpg\",\"width\":160,\"height\":160,\"caption\":\"Soins CP\"},\"image\":{\"@id\":\"https:\\\/\\\/www.soins-cp.com\\\/de\\\/#\\\/schema\\\/logo\\\/image\\\/\"}}]}<\/script>\n<!-- \/ Yoast SEO plugin. -->","yoast_head_json":{"title":"Anti-Kapiton-Komplex &#187; CP-Pflege - LPG Solothurn Cellulite-Behandlung","robots":{"index":"index","follow":"follow","max-snippet":"max-snippet:-1","max-image-preview":"max-image-preview:large","max-video-preview":"max-video-preview:-1"},"canonical":"https:\/\/www.soins-cp.com\/de\/produit\/anti-kapiton-komplex\/","og_locale":"de_DE","og_type":"article","og_title":"Anti-Kapiton-Komplex &#187; CP-Pflege - LPG Solothurn Cellulite-Behandlung","og_description":"F\u00f6rdert den Abbau von Fett Gl\u00e4ttet das Erscheinungsbild von Cellulite","og_url":"https:\/\/www.soins-cp.com\/de\/produit\/anti-kapiton-komplex\/","og_site_name":"CP-Pflege - LPG Solothurn Cellulite-Behandlung","article_modified_time":"2023-09-28T00:52:31+00:00","og_image":[{"width":460,"height":460,"url":"https:\/\/www.soins-cp.com\/wp-content\/uploads\/2021\/08\/produit-anticapiton-e1488278938943.png","type":"image\/png"}],"twitter_card":"summary_large_image","schema":{"@context":"https:\/\/schema.org","@graph":[{"@type":"WebPage","@id":"https:\/\/www.soins-cp.com\/de\/produit\/anti-kapiton-komplex\/","url":"https:\/\/www.soins-cp.com\/de\/produit\/anti-kapiton-komplex\/","name":"Anti-Kapiton-Komplex &#187; CP-Pflege - LPG Solothurn Cellulite-Behandlung","isPartOf":{"@id":"https:\/\/www.soins-cp.com\/de\/#website"},"primaryImageOfPage":{"@id":"https:\/\/www.soins-cp.com\/de\/produit\/anti-kapiton-komplex\/#primaryimage"},"image":{"@id":"https:\/\/www.soins-cp.com\/de\/produit\/anti-kapiton-komplex\/#primaryimage"},"thumbnailUrl":"https:\/\/www.soins-cp.com\/wp-content\/uploads\/2021\/08\/produit-anticapiton-e1488278938943.png","datePublished":"2021-08-12T16:29:53+00:00","dateModified":"2023-09-28T00:52:31+00:00","breadcrumb":{"@id":"https:\/\/www.soins-cp.com\/de\/produit\/anti-kapiton-komplex\/#breadcrumb"},"inLanguage":"de","potentialAction":[{"@type":"ReadAction","target":["https:\/\/www.soins-cp.com\/de\/produit\/anti-kapiton-komplex\/"]}]},{"@type":"ImageObject","inLanguage":"de","@id":"https:\/\/www.soins-cp.com\/de\/produit\/anti-kapiton-komplex\/#primaryimage","url":"https:\/\/www.soins-cp.com\/wp-content\/uploads\/2021\/08\/produit-anticapiton-e1488278938943.png","contentUrl":"https:\/\/www.soins-cp.com\/wp-content\/uploads\/2021\/08\/produit-anticapiton-e1488278938943.png","width":460,"height":460},{"@type":"BreadcrumbList","@id":"https:\/\/www.soins-cp.com\/de\/produit\/anti-kapiton-komplex\/#breadcrumb","itemListElement":[{"@type":"ListItem","position":1,"name":"Accueil","item":"https:\/\/www.soins-cp.com\/de\/startseite\/"},{"@type":"ListItem","position":2,"name":"Shop","item":"https:\/\/www.soins-cp.com\/de\/shop\/"},{"@type":"ListItem","position":3,"name":"Anti-Kapiton-Komplex"}]},{"@type":"WebSite","@id":"https:\/\/www.soins-cp.com\/de\/#website","url":"https:\/\/www.soins-cp.com\/de\/","name":"CP-Pflege - LPG Solothurn Cellulite-Behandlung","description":"LPG endermologie - Soins Visage &amp; Corps","publisher":{"@id":"https:\/\/www.soins-cp.com\/de\/#organization"},"potentialAction":[{"@type":"SearchAction","target":{"@type":"EntryPoint","urlTemplate":"https:\/\/www.soins-cp.com\/de\/?s={search_term_string}"},"query-input":{"@type":"PropertyValueSpecification","valueRequired":true,"valueName":"search_term_string"}}],"inLanguage":"de"},{"@type":"Organization","@id":"https:\/\/www.soins-cp.com\/de\/#organization","name":"Soins CP","url":"https:\/\/www.soins-cp.com\/de\/","logo":{"@type":"ImageObject","inLanguage":"de","@id":"https:\/\/www.soins-cp.com\/de\/#\/schema\/logo\/image\/","url":"https:\/\/www.soins-cp.com\/wp-content\/uploads\/2021\/06\/cropped-Logoendermologie-e1629976840663.jpg","contentUrl":"https:\/\/www.soins-cp.com\/wp-content\/uploads\/2021\/06\/cropped-Logoendermologie-e1629976840663.jpg","width":160,"height":160,"caption":"Soins CP"},"image":{"@id":"https:\/\/www.soins-cp.com\/de\/#\/schema\/logo\/image\/"}}]}},"_links":{"self":[{"href":"https:\/\/www.soins-cp.com\/de\/wp-json\/wp\/v2\/product\/1530","targetHints":{"allow":["GET"]}}],"collection":[{"href":"https:\/\/www.soins-cp.com\/de\/wp-json\/wp\/v2\/product"}],"about":[{"href":"https:\/\/www.soins-cp.com\/de\/wp-json\/wp\/v2\/types\/product"}],"wp:featuredmedia":[{"embeddable":true,"href":"https:\/\/www.soins-cp.com\/de\/wp-json\/wp\/v2\/media\/1435"}],"wp:attachment":[{"href":"https:\/\/www.soins-cp.com\/de\/wp-json\/wp\/v2\/media?parent=1530"}],"wp:term":[{"taxonomy":"product_brand","embeddable":true,"href":"https:\/\/www.soins-cp.com\/de\/wp-json\/wp\/v2\/product_brand?post=1530"},{"taxonomy":"product_cat","embeddable":true,"href":"https:\/\/www.soins-cp.com\/de\/wp-json\/wp\/v2\/product_cat?post=1530"},{"taxonomy":"product_tag","embeddable":true,"href":"https:\/\/www.soins-cp.com\/de\/wp-json\/wp\/v2\/product_tag?post=1530"}],"curies":[{"name":"wp","href":"https:\/\/api.w.org\/{rel}","templated":true}]}}