{"id":1529,"date":"2021-08-12T18:34:33","date_gmt":"2021-08-12T16:34:33","guid":{"rendered":"https:\/\/www.soins-cp.com\/produit\/anti-aging-serum-zellregeneration\/"},"modified":"2023-09-28T02:52:39","modified_gmt":"2023-09-28T00:52:39","slug":"serum-anti-age-zellregeneration","status":"publish","type":"product","link":"https:\/\/www.soins-cp.com\/de\/produit\/serum-anti-age-zellregeneration\/","title":{"rendered":"Anti-Aging-Serum Zellregeneration"},"content":{"rendered":"<div class=\"row align-center description\">\n<div class=\"columns small-12 medium-12 text-center\">\n<h4>AKTION<\/h4>\n<div class=\"desc-text\">\n<p>Dieses Serum verf\u00fcgt \u00fcber das h\u00f6chste Niveau der Anti-Aging-Technik von LPG mit einer Synergie aus potenzierten Wirkstoffen f\u00fcr sichtbare und wissenschaftlich nachgewiesene Ergebnisse. Seine innovative Formel enth\u00e4lt die bahnbrechende ITC-Technologie (Intelligence Targeting Device), die es erm\u00f6glicht, die Wirkstoffe pr\u00e4zise in das Herz der Zielzelle (Fibroblast) zu bringen, um deren Stoffwechsel zu reaktivieren.<\/p>\n<\/div>\n<\/div>\n<\/div>\n<div class=\"row align-center description\">\n<div class=\"columns small-12 medium-4 text-center\">\n<h4>TEXTURE<\/h4>\n<div class=\"desc-text\">\n<p>Ein samtiges, rosafarbenes, duftendes Fluid, das mit Mikroperlen angereichert ist, um den Teint sofort zum Strahlen zu bringen.<\/p>\n<\/div>\n<\/div>\n<div class=\"columns small-12 medium-4 text-center\">\n<h4>ZUSAMMENSETZUNG<\/h4>\n<div class=\"desc-text\">\n<p>22 % LPG-Premium-Komplex<\/p>\n<p>Ohne Parabene, ohne Phenoxyethanol<\/p>\n<p><strong>Tropfflasche 30 ml<\/strong><\/p>\n<\/div>\n<\/div>\n<div class=\"columns small-12 medium-4 text-center\">\n<h4>ANWENDUNG<\/h4>\n<div class=\"desc-text\">\n<p>Vor der essentiellen Tages- und Nachtpflege <sup>endermologie\u00ae<\/sup> cosm\u00e9tique morgens und abends auf Gesicht und Hals auftragen, die zuvor mit der Pre-Treatment Micellar Lotion gereinigt wurden.<\/p>\n<p>F\u00fcr alle Hauttypen geeignet, besonders empfohlen f\u00fcr reife Haut.<\/p>\n<\/div>\n<\/div>\n<\/div>\n","protected":false},"excerpt":{"rendered":"<p>Regeneriert f\u00fcr optimale Straffheit<br \/>\nVerfeinert das Hautbild<br \/>\nAktiviert die Ausstrahlung des Teints<br \/>\nAnti-Falten<br \/>\nFeuchtigkeitsversorgung &amp; intensiver Komfort<\/p>\n","protected":false},"featured_media":1431,"template":"","meta":[],"product_brand":[],"product_cat":[44],"product_tag":[],"class_list":{"0":"post-1529","1":"product","2":"type-product","3":"status-publish","4":"has-post-thumbnail","6":"product_cat-gesichtskosmetik","8":"first","9":"outofstock","10":"featured","11":"shipping-taxable","12":"purchasable","13":"product-type-simple"},"yoast_head":"<!-- This site is optimized with the Yoast SEO plugin v27.6 - https:\/\/yoast.com\/product\/yoast-seo-wordpress\/ -->\n<title>Anti-Aging-Serum Zellregeneration &#187; CP-Pflege - LPG Solothurn Cellulite-Behandlung<\/title>\n<meta name=\"robots\" content=\"index, follow, max-snippet:-1, max-image-preview:large, max-video-preview:-1\" \/>\n<link rel=\"canonical\" href=\"https:\/\/www.soins-cp.com\/de\/produit\/serum-anti-age-zellregeneration\/\" \/>\n<meta property=\"og:locale\" content=\"de_DE\" \/>\n<meta property=\"og:type\" content=\"article\" \/>\n<meta property=\"og:title\" content=\"Anti-Aging-Serum Zellregeneration &#187; CP-Pflege - LPG Solothurn Cellulite-Behandlung\" \/>\n<meta property=\"og:description\" content=\"Regeneriert f\u00fcr optimale Straffheit Verfeinert das Hautbild Aktiviert die Ausstrahlung des Teints Anti-Falten Feuchtigkeitsversorgung &amp; intensiver Komfort\" \/>\n<meta property=\"og:url\" content=\"https:\/\/www.soins-cp.com\/de\/produit\/serum-anti-age-zellregeneration\/\" \/>\n<meta property=\"og:site_name\" content=\"CP-Pflege - LPG Solothurn Cellulite-Behandlung\" \/>\n<meta property=\"article:modified_time\" content=\"2023-09-28T00:52:39+00:00\" \/>\n<meta property=\"og:image\" content=\"https:\/\/www.soins-cp.com\/wp-content\/uploads\/2021\/08\/serumantiageregenerationcellulaire.png\" \/>\n\t<meta property=\"og:image:width\" content=\"460\" \/>\n\t<meta property=\"og:image:height\" content=\"460\" \/>\n\t<meta property=\"og:image:type\" content=\"image\/png\" \/>\n<meta name=\"twitter:card\" content=\"summary_large_image\" \/>\n<meta name=\"twitter:label1\" content=\"Gesch\u00e4tzte Lesezeit\" \/>\n\t<meta name=\"twitter:data1\" content=\"1\u00a0Minute\" \/>\n<script type=\"application\/ld+json\" class=\"yoast-schema-graph\">{\"@context\":\"https:\\\/\\\/schema.org\",\"@graph\":[{\"@type\":\"WebPage\",\"@id\":\"https:\\\/\\\/www.soins-cp.com\\\/de\\\/produit\\\/serum-anti-age-zellregeneration\\\/\",\"url\":\"https:\\\/\\\/www.soins-cp.com\\\/de\\\/produit\\\/serum-anti-age-zellregeneration\\\/\",\"name\":\"Anti-Aging-Serum Zellregeneration &#187; CP-Pflege - LPG Solothurn Cellulite-Behandlung\",\"isPartOf\":{\"@id\":\"https:\\\/\\\/www.soins-cp.com\\\/de\\\/#website\"},\"primaryImageOfPage\":{\"@id\":\"https:\\\/\\\/www.soins-cp.com\\\/de\\\/produit\\\/serum-anti-age-zellregeneration\\\/#primaryimage\"},\"image\":{\"@id\":\"https:\\\/\\\/www.soins-cp.com\\\/de\\\/produit\\\/serum-anti-age-zellregeneration\\\/#primaryimage\"},\"thumbnailUrl\":\"https:\\\/\\\/www.soins-cp.com\\\/wp-content\\\/uploads\\\/2021\\\/08\\\/serumantiageregenerationcellulaire.png\",\"datePublished\":\"2021-08-12T16:34:33+00:00\",\"dateModified\":\"2023-09-28T00:52:39+00:00\",\"breadcrumb\":{\"@id\":\"https:\\\/\\\/www.soins-cp.com\\\/de\\\/produit\\\/serum-anti-age-zellregeneration\\\/#breadcrumb\"},\"inLanguage\":\"de\",\"potentialAction\":[{\"@type\":\"ReadAction\",\"target\":[\"https:\\\/\\\/www.soins-cp.com\\\/de\\\/produit\\\/serum-anti-age-zellregeneration\\\/\"]}]},{\"@type\":\"ImageObject\",\"inLanguage\":\"de\",\"@id\":\"https:\\\/\\\/www.soins-cp.com\\\/de\\\/produit\\\/serum-anti-age-zellregeneration\\\/#primaryimage\",\"url\":\"https:\\\/\\\/www.soins-cp.com\\\/wp-content\\\/uploads\\\/2021\\\/08\\\/serumantiageregenerationcellulaire.png\",\"contentUrl\":\"https:\\\/\\\/www.soins-cp.com\\\/wp-content\\\/uploads\\\/2021\\\/08\\\/serumantiageregenerationcellulaire.png\",\"width\":460,\"height\":460},{\"@type\":\"BreadcrumbList\",\"@id\":\"https:\\\/\\\/www.soins-cp.com\\\/de\\\/produit\\\/serum-anti-age-zellregeneration\\\/#breadcrumb\",\"itemListElement\":[{\"@type\":\"ListItem\",\"position\":1,\"name\":\"Accueil\",\"item\":\"https:\\\/\\\/www.soins-cp.com\\\/de\\\/startseite\\\/\"},{\"@type\":\"ListItem\",\"position\":2,\"name\":\"Shop\",\"item\":\"https:\\\/\\\/www.soins-cp.com\\\/de\\\/shop\\\/\"},{\"@type\":\"ListItem\",\"position\":3,\"name\":\"Anti-Aging-Serum Zellregeneration\"}]},{\"@type\":\"WebSite\",\"@id\":\"https:\\\/\\\/www.soins-cp.com\\\/de\\\/#website\",\"url\":\"https:\\\/\\\/www.soins-cp.com\\\/de\\\/\",\"name\":\"CP-Pflege - LPG Solothurn Cellulite-Behandlung\",\"description\":\"LPG endermologie - Soins Visage &amp; Corps\",\"publisher\":{\"@id\":\"https:\\\/\\\/www.soins-cp.com\\\/de\\\/#organization\"},\"potentialAction\":[{\"@type\":\"SearchAction\",\"target\":{\"@type\":\"EntryPoint\",\"urlTemplate\":\"https:\\\/\\\/www.soins-cp.com\\\/de\\\/?s={search_term_string}\"},\"query-input\":{\"@type\":\"PropertyValueSpecification\",\"valueRequired\":true,\"valueName\":\"search_term_string\"}}],\"inLanguage\":\"de\"},{\"@type\":\"Organization\",\"@id\":\"https:\\\/\\\/www.soins-cp.com\\\/de\\\/#organization\",\"name\":\"Soins CP\",\"url\":\"https:\\\/\\\/www.soins-cp.com\\\/de\\\/\",\"logo\":{\"@type\":\"ImageObject\",\"inLanguage\":\"de\",\"@id\":\"https:\\\/\\\/www.soins-cp.com\\\/de\\\/#\\\/schema\\\/logo\\\/image\\\/\",\"url\":\"https:\\\/\\\/www.soins-cp.com\\\/wp-content\\\/uploads\\\/2021\\\/06\\\/cropped-Logoendermologie-e1629976840663.jpg\",\"contentUrl\":\"https:\\\/\\\/www.soins-cp.com\\\/wp-content\\\/uploads\\\/2021\\\/06\\\/cropped-Logoendermologie-e1629976840663.jpg\",\"width\":160,\"height\":160,\"caption\":\"Soins CP\"},\"image\":{\"@id\":\"https:\\\/\\\/www.soins-cp.com\\\/de\\\/#\\\/schema\\\/logo\\\/image\\\/\"}}]}<\/script>\n<!-- \/ Yoast SEO plugin. -->","yoast_head_json":{"title":"Anti-Aging-Serum Zellregeneration &#187; CP-Pflege - LPG Solothurn Cellulite-Behandlung","robots":{"index":"index","follow":"follow","max-snippet":"max-snippet:-1","max-image-preview":"max-image-preview:large","max-video-preview":"max-video-preview:-1"},"canonical":"https:\/\/www.soins-cp.com\/de\/produit\/serum-anti-age-zellregeneration\/","og_locale":"de_DE","og_type":"article","og_title":"Anti-Aging-Serum Zellregeneration &#187; CP-Pflege - LPG Solothurn Cellulite-Behandlung","og_description":"Regeneriert f\u00fcr optimale Straffheit Verfeinert das Hautbild Aktiviert die Ausstrahlung des Teints Anti-Falten Feuchtigkeitsversorgung &amp; intensiver Komfort","og_url":"https:\/\/www.soins-cp.com\/de\/produit\/serum-anti-age-zellregeneration\/","og_site_name":"CP-Pflege - LPG Solothurn Cellulite-Behandlung","article_modified_time":"2023-09-28T00:52:39+00:00","og_image":[{"width":460,"height":460,"url":"https:\/\/www.soins-cp.com\/wp-content\/uploads\/2021\/08\/serumantiageregenerationcellulaire.png","type":"image\/png"}],"twitter_card":"summary_large_image","twitter_misc":{"Gesch\u00e4tzte Lesezeit":"1\u00a0Minute"},"schema":{"@context":"https:\/\/schema.org","@graph":[{"@type":"WebPage","@id":"https:\/\/www.soins-cp.com\/de\/produit\/serum-anti-age-zellregeneration\/","url":"https:\/\/www.soins-cp.com\/de\/produit\/serum-anti-age-zellregeneration\/","name":"Anti-Aging-Serum Zellregeneration &#187; CP-Pflege - LPG Solothurn Cellulite-Behandlung","isPartOf":{"@id":"https:\/\/www.soins-cp.com\/de\/#website"},"primaryImageOfPage":{"@id":"https:\/\/www.soins-cp.com\/de\/produit\/serum-anti-age-zellregeneration\/#primaryimage"},"image":{"@id":"https:\/\/www.soins-cp.com\/de\/produit\/serum-anti-age-zellregeneration\/#primaryimage"},"thumbnailUrl":"https:\/\/www.soins-cp.com\/wp-content\/uploads\/2021\/08\/serumantiageregenerationcellulaire.png","datePublished":"2021-08-12T16:34:33+00:00","dateModified":"2023-09-28T00:52:39+00:00","breadcrumb":{"@id":"https:\/\/www.soins-cp.com\/de\/produit\/serum-anti-age-zellregeneration\/#breadcrumb"},"inLanguage":"de","potentialAction":[{"@type":"ReadAction","target":["https:\/\/www.soins-cp.com\/de\/produit\/serum-anti-age-zellregeneration\/"]}]},{"@type":"ImageObject","inLanguage":"de","@id":"https:\/\/www.soins-cp.com\/de\/produit\/serum-anti-age-zellregeneration\/#primaryimage","url":"https:\/\/www.soins-cp.com\/wp-content\/uploads\/2021\/08\/serumantiageregenerationcellulaire.png","contentUrl":"https:\/\/www.soins-cp.com\/wp-content\/uploads\/2021\/08\/serumantiageregenerationcellulaire.png","width":460,"height":460},{"@type":"BreadcrumbList","@id":"https:\/\/www.soins-cp.com\/de\/produit\/serum-anti-age-zellregeneration\/#breadcrumb","itemListElement":[{"@type":"ListItem","position":1,"name":"Accueil","item":"https:\/\/www.soins-cp.com\/de\/startseite\/"},{"@type":"ListItem","position":2,"name":"Shop","item":"https:\/\/www.soins-cp.com\/de\/shop\/"},{"@type":"ListItem","position":3,"name":"Anti-Aging-Serum Zellregeneration"}]},{"@type":"WebSite","@id":"https:\/\/www.soins-cp.com\/de\/#website","url":"https:\/\/www.soins-cp.com\/de\/","name":"CP-Pflege - LPG Solothurn Cellulite-Behandlung","description":"LPG endermologie - Soins Visage &amp; Corps","publisher":{"@id":"https:\/\/www.soins-cp.com\/de\/#organization"},"potentialAction":[{"@type":"SearchAction","target":{"@type":"EntryPoint","urlTemplate":"https:\/\/www.soins-cp.com\/de\/?s={search_term_string}"},"query-input":{"@type":"PropertyValueSpecification","valueRequired":true,"valueName":"search_term_string"}}],"inLanguage":"de"},{"@type":"Organization","@id":"https:\/\/www.soins-cp.com\/de\/#organization","name":"Soins CP","url":"https:\/\/www.soins-cp.com\/de\/","logo":{"@type":"ImageObject","inLanguage":"de","@id":"https:\/\/www.soins-cp.com\/de\/#\/schema\/logo\/image\/","url":"https:\/\/www.soins-cp.com\/wp-content\/uploads\/2021\/06\/cropped-Logoendermologie-e1629976840663.jpg","contentUrl":"https:\/\/www.soins-cp.com\/wp-content\/uploads\/2021\/06\/cropped-Logoendermologie-e1629976840663.jpg","width":160,"height":160,"caption":"Soins CP"},"image":{"@id":"https:\/\/www.soins-cp.com\/de\/#\/schema\/logo\/image\/"}}]}},"_links":{"self":[{"href":"https:\/\/www.soins-cp.com\/de\/wp-json\/wp\/v2\/product\/1529","targetHints":{"allow":["GET"]}}],"collection":[{"href":"https:\/\/www.soins-cp.com\/de\/wp-json\/wp\/v2\/product"}],"about":[{"href":"https:\/\/www.soins-cp.com\/de\/wp-json\/wp\/v2\/types\/product"}],"wp:featuredmedia":[{"embeddable":true,"href":"https:\/\/www.soins-cp.com\/de\/wp-json\/wp\/v2\/media\/1431"}],"wp:attachment":[{"href":"https:\/\/www.soins-cp.com\/de\/wp-json\/wp\/v2\/media?parent=1529"}],"wp:term":[{"taxonomy":"product_brand","embeddable":true,"href":"https:\/\/www.soins-cp.com\/de\/wp-json\/wp\/v2\/product_brand?post=1529"},{"taxonomy":"product_cat","embeddable":true,"href":"https:\/\/www.soins-cp.com\/de\/wp-json\/wp\/v2\/product_cat?post=1529"},{"taxonomy":"product_tag","embeddable":true,"href":"https:\/\/www.soins-cp.com\/de\/wp-json\/wp\/v2\/product_tag?post=1529"}],"curies":[{"name":"wp","href":"https:\/\/api.w.org\/{rel}","templated":true}]}}