{"id":1526,"date":"2021-08-12T18:28:37","date_gmt":"2021-08-12T16:28:37","guid":{"rendered":"https:\/\/www.soins-cp.com\/produit\/lipo-reduktionscreme-200ml\/"},"modified":"2023-09-28T02:52:17","modified_gmt":"2023-09-28T00:52:17","slug":"lipo-reduktionscreme-200ml","status":"publish","type":"product","link":"https:\/\/www.soins-cp.com\/de\/produit\/lipo-reduktionscreme-200ml\/","title":{"rendered":"Lipo Reduktionscreme 200ml"},"content":{"rendered":"<div class=\"row align-center description\">\n<div class=\"columns small-12 medium-12 text-center\">\n<h4>AKTION<\/h4>\n<div class=\"desc-text\">\n<p>endermoslim Lipo-Reduktions-Creme wird empfohlen, um das Erscheinungsbild \u00fcberm\u00e4\u00dfiger oder hartn\u00e4ckiger Fettp\u00f6lsterchen (insbesondere an H\u00fcften, Bauch, Taille, Armen) zu reduzieren. Tag f\u00fcr Tag werden Rundungen sichtbar reduziert, die Silhouette wird geformt, neu definiert und erh\u00e4lt ihre harmonischen Konturen zur\u00fcck. Die speziell entwickelte cremige und seidige Textur erleichtert die Massage und erm\u00f6glicht ein schnelles Anziehen.<br \/>\nGibt es auch in Gel-Textur.<\/p>\n<p>Mit dem neuen LPG\u00ae-Komplex und 3 Schlankheitswirkstoffen formuliert, sind die Ergebnisse bereits nach 7 Tagen sichtbar.<br \/>\n-Plankton: Wirkt w\u00e4hrend der Nacht wie ein Zellcoach auf die Adipozyten und begrenzt die Speicherung.<br \/>\n-Bergamotte: Sorgt f\u00fcr ein intensives Gef\u00fchl von Leichtigkeit und gl\u00e4ttet die Haut sichtbar.<br \/>\n-Salicaria: Strafft und remodelliert die Haut f\u00fcr eine schlankere Silhouette und wohlgeformte Ges\u00e4\u00dfmuskeln.<\/p>\n<p>Der Bauch sieht flacher aus: 92%*.<br \/>\nGes\u00e4\u00df wie neu geformt: 75%*.<br \/>\nOberschenkel wirken schlanker: 92%*.<br \/>\nDie Silhouette wirkt gestrafft: 77%**.<br \/>\n*% der Probanden mit zentimetergenauer Variation dermatologisch getestet. 13 Frauen (im Alter von 25-42 Jahren) &#8211; 1 Anwendung t\u00e4glich f\u00fcr 7 Tage.<\/p>\n<\/div>\n<\/div>\n<\/div>\n<div class=\"row align-center description\">\n<div class=\"columns small-12 medium-6 text-center\">\n<h4>ZUSAMMENSETZUNG<\/h4>\n<div class=\"desc-text\">\n<p>Neuer LPG\u00ae-Komplex und 3 schlankmachende Inhaltsstoffe: Extrakte aus Plankton, Bergamotte und Salicaria.<\/p>\n<p>Zutaten: Aqua (Water\/Eau), Caprylic\/Capric Triglyceride, C18-21 Alkane, Glycerin, Glycereth-26, C10-18 Triglycerides, Coco-Caprylate\/Caprate, Pentylene Glycol, Cetyl Alcohol, Hydroxyethyl Acrylate\/Sodium Acryloyldimethyl Taurate Copolymer, Behenyl Alcohol, Parfum (Fragrance), Propanediol, Maltodextrin, Carbomer, Citrus Aurantium Bergamia (Bergamot) Fruit Extract, Chlorphenesin, Ethylhexylglycerin, Acacia Senegal Gum, Sodium Stearoyl Glutamate, O-Cymen-5-Ol, Sodium Hydroxide, Sodium Hyaluronate, Lythrum Salicaria Extract, Polysorbate 60, Sorbitan Isostearate, Disodium Phosphate, Xanthan Gum, Sodium Phosphate, Glyceryl Caprylate, Saccharide Isomerate, Origanum Majorana Leaf Extract, Crocus Chrysanthus Bulb Extract.<\/p>\n<p>Tude von 200ml.<\/p>\n<\/div>\n<\/div>\n<div class=\"columns small-12 medium-6 text-center\">\n<h4>ANWENDUNG<\/h4>\n<div class=\"desc-text\">\n<p>Morgens oder abends auftragen.<br \/>\nErw\u00e4rmen Sie das Produkt zwischen Ihren H\u00e4nden und f\u00fchren Sie eine knetende Bewegung auf den Zielzonen (Taille, Bauch, Po, Oberschenkel) aus.<br \/>\nNicht bei schwangeren oder stillenden Frauen anwenden. Nur zur \u00e4u\u00dferlichen Anwendung. Vermeiden Sie den Kontakt mit den Augen und Schleimh\u00e4uten. Bei Kontakt gr\u00fcndlich mit klarem Wasser sp\u00fclen.<\/p>\n<\/div>\n<\/div>\n<\/div>\n","protected":false},"excerpt":{"rendered":"<p>Begrenzt die Fettspeicherung<br \/>\nReduziert das Erscheinungsbild von \u00fcberm\u00e4\u00dfigen Rundungen<br \/>\nGeschwungene, neu geformte Silhouette<\/p>\n","protected":false},"featured_media":1437,"template":"","meta":[],"product_brand":[],"product_cat":[43],"product_tag":[],"class_list":{"0":"post-1526","1":"product","2":"type-product","3":"status-publish","4":"has-post-thumbnail","6":"product_cat-korperkosmetik","8":"first","9":"outofstock","10":"shipping-taxable","11":"purchasable","12":"product-type-simple"},"yoast_head":"<!-- This site is optimized with the Yoast SEO plugin v27.5 - https:\/\/yoast.com\/product\/yoast-seo-wordpress\/ -->\n<title>Lipo Reduktionscreme 200ml &#187; CP-Pflege - LPG Solothurn Cellulite-Behandlung<\/title>\n<meta name=\"robots\" content=\"index, follow, max-snippet:-1, max-image-preview:large, max-video-preview:-1\" \/>\n<link rel=\"canonical\" href=\"https:\/\/www.soins-cp.com\/de\/produit\/lipo-reduktionscreme-200ml\/\" \/>\n<meta property=\"og:locale\" content=\"de_DE\" \/>\n<meta property=\"og:type\" content=\"article\" \/>\n<meta property=\"og:title\" content=\"Lipo Reduktionscreme 200ml &#187; CP-Pflege - LPG Solothurn Cellulite-Behandlung\" \/>\n<meta property=\"og:description\" content=\"Begrenzt die Fettspeicherung Reduziert das Erscheinungsbild von \u00fcberm\u00e4\u00dfigen Rundungen Geschwungene, neu geformte Silhouette\" \/>\n<meta property=\"og:url\" content=\"https:\/\/www.soins-cp.com\/de\/produit\/lipo-reduktionscreme-200ml\/\" \/>\n<meta property=\"og:site_name\" content=\"CP-Pflege - LPG Solothurn Cellulite-Behandlung\" \/>\n<meta property=\"article:modified_time\" content=\"2023-09-28T00:52:17+00:00\" \/>\n<meta property=\"og:image\" content=\"https:\/\/www.soins-cp.com\/wp-content\/uploads\/2021\/08\/endermologie-cosmetiques-creme-lipo-reductrice-NEW-2021.png\" \/>\n\t<meta property=\"og:image:width\" content=\"460\" \/>\n\t<meta property=\"og:image:height\" content=\"460\" \/>\n\t<meta property=\"og:image:type\" content=\"image\/png\" \/>\n<meta name=\"twitter:card\" content=\"summary_large_image\" \/>\n<meta name=\"twitter:label1\" content=\"Gesch\u00e4tzte Lesezeit\" \/>\n\t<meta name=\"twitter:data1\" content=\"2\u00a0Minuten\" \/>\n<script type=\"application\/ld+json\" class=\"yoast-schema-graph\">{\"@context\":\"https:\\\/\\\/schema.org\",\"@graph\":[{\"@type\":\"WebPage\",\"@id\":\"https:\\\/\\\/www.soins-cp.com\\\/de\\\/produit\\\/lipo-reduktionscreme-200ml\\\/\",\"url\":\"https:\\\/\\\/www.soins-cp.com\\\/de\\\/produit\\\/lipo-reduktionscreme-200ml\\\/\",\"name\":\"Lipo Reduktionscreme 200ml &#187; CP-Pflege - LPG Solothurn Cellulite-Behandlung\",\"isPartOf\":{\"@id\":\"https:\\\/\\\/www.soins-cp.com\\\/de\\\/#website\"},\"primaryImageOfPage\":{\"@id\":\"https:\\\/\\\/www.soins-cp.com\\\/de\\\/produit\\\/lipo-reduktionscreme-200ml\\\/#primaryimage\"},\"image\":{\"@id\":\"https:\\\/\\\/www.soins-cp.com\\\/de\\\/produit\\\/lipo-reduktionscreme-200ml\\\/#primaryimage\"},\"thumbnailUrl\":\"https:\\\/\\\/www.soins-cp.com\\\/wp-content\\\/uploads\\\/2021\\\/08\\\/endermologie-cosmetiques-creme-lipo-reductrice-NEW-2021.png\",\"datePublished\":\"2021-08-12T16:28:37+00:00\",\"dateModified\":\"2023-09-28T00:52:17+00:00\",\"breadcrumb\":{\"@id\":\"https:\\\/\\\/www.soins-cp.com\\\/de\\\/produit\\\/lipo-reduktionscreme-200ml\\\/#breadcrumb\"},\"inLanguage\":\"de\",\"potentialAction\":[{\"@type\":\"ReadAction\",\"target\":[\"https:\\\/\\\/www.soins-cp.com\\\/de\\\/produit\\\/lipo-reduktionscreme-200ml\\\/\"]}]},{\"@type\":\"ImageObject\",\"inLanguage\":\"de\",\"@id\":\"https:\\\/\\\/www.soins-cp.com\\\/de\\\/produit\\\/lipo-reduktionscreme-200ml\\\/#primaryimage\",\"url\":\"https:\\\/\\\/www.soins-cp.com\\\/wp-content\\\/uploads\\\/2021\\\/08\\\/endermologie-cosmetiques-creme-lipo-reductrice-NEW-2021.png\",\"contentUrl\":\"https:\\\/\\\/www.soins-cp.com\\\/wp-content\\\/uploads\\\/2021\\\/08\\\/endermologie-cosmetiques-creme-lipo-reductrice-NEW-2021.png\",\"width\":460,\"height\":460},{\"@type\":\"BreadcrumbList\",\"@id\":\"https:\\\/\\\/www.soins-cp.com\\\/de\\\/produit\\\/lipo-reduktionscreme-200ml\\\/#breadcrumb\",\"itemListElement\":[{\"@type\":\"ListItem\",\"position\":1,\"name\":\"Accueil\",\"item\":\"https:\\\/\\\/www.soins-cp.com\\\/de\\\/startseite\\\/\"},{\"@type\":\"ListItem\",\"position\":2,\"name\":\"Shop\",\"item\":\"https:\\\/\\\/www.soins-cp.com\\\/de\\\/shop\\\/\"},{\"@type\":\"ListItem\",\"position\":3,\"name\":\"Lipo Reduktionscreme 200ml\"}]},{\"@type\":\"WebSite\",\"@id\":\"https:\\\/\\\/www.soins-cp.com\\\/de\\\/#website\",\"url\":\"https:\\\/\\\/www.soins-cp.com\\\/de\\\/\",\"name\":\"CP-Pflege - LPG Solothurn Cellulite-Behandlung\",\"description\":\"LPG endermologie - Soins Visage &amp; Corps\",\"publisher\":{\"@id\":\"https:\\\/\\\/www.soins-cp.com\\\/de\\\/#organization\"},\"potentialAction\":[{\"@type\":\"SearchAction\",\"target\":{\"@type\":\"EntryPoint\",\"urlTemplate\":\"https:\\\/\\\/www.soins-cp.com\\\/de\\\/?s={search_term_string}\"},\"query-input\":{\"@type\":\"PropertyValueSpecification\",\"valueRequired\":true,\"valueName\":\"search_term_string\"}}],\"inLanguage\":\"de\"},{\"@type\":\"Organization\",\"@id\":\"https:\\\/\\\/www.soins-cp.com\\\/de\\\/#organization\",\"name\":\"Soins CP\",\"url\":\"https:\\\/\\\/www.soins-cp.com\\\/de\\\/\",\"logo\":{\"@type\":\"ImageObject\",\"inLanguage\":\"de\",\"@id\":\"https:\\\/\\\/www.soins-cp.com\\\/de\\\/#\\\/schema\\\/logo\\\/image\\\/\",\"url\":\"https:\\\/\\\/www.soins-cp.com\\\/wp-content\\\/uploads\\\/2021\\\/06\\\/cropped-Logoendermologie-e1629976840663.jpg\",\"contentUrl\":\"https:\\\/\\\/www.soins-cp.com\\\/wp-content\\\/uploads\\\/2021\\\/06\\\/cropped-Logoendermologie-e1629976840663.jpg\",\"width\":160,\"height\":160,\"caption\":\"Soins CP\"},\"image\":{\"@id\":\"https:\\\/\\\/www.soins-cp.com\\\/de\\\/#\\\/schema\\\/logo\\\/image\\\/\"}}]}<\/script>\n<!-- \/ Yoast SEO plugin. -->","yoast_head_json":{"title":"Lipo Reduktionscreme 200ml &#187; CP-Pflege - LPG Solothurn Cellulite-Behandlung","robots":{"index":"index","follow":"follow","max-snippet":"max-snippet:-1","max-image-preview":"max-image-preview:large","max-video-preview":"max-video-preview:-1"},"canonical":"https:\/\/www.soins-cp.com\/de\/produit\/lipo-reduktionscreme-200ml\/","og_locale":"de_DE","og_type":"article","og_title":"Lipo Reduktionscreme 200ml &#187; CP-Pflege - LPG Solothurn Cellulite-Behandlung","og_description":"Begrenzt die Fettspeicherung Reduziert das Erscheinungsbild von \u00fcberm\u00e4\u00dfigen Rundungen Geschwungene, neu geformte Silhouette","og_url":"https:\/\/www.soins-cp.com\/de\/produit\/lipo-reduktionscreme-200ml\/","og_site_name":"CP-Pflege - LPG Solothurn Cellulite-Behandlung","article_modified_time":"2023-09-28T00:52:17+00:00","og_image":[{"width":460,"height":460,"url":"https:\/\/www.soins-cp.com\/wp-content\/uploads\/2021\/08\/endermologie-cosmetiques-creme-lipo-reductrice-NEW-2021.png","type":"image\/png"}],"twitter_card":"summary_large_image","twitter_misc":{"Gesch\u00e4tzte Lesezeit":"2\u00a0Minuten"},"schema":{"@context":"https:\/\/schema.org","@graph":[{"@type":"WebPage","@id":"https:\/\/www.soins-cp.com\/de\/produit\/lipo-reduktionscreme-200ml\/","url":"https:\/\/www.soins-cp.com\/de\/produit\/lipo-reduktionscreme-200ml\/","name":"Lipo Reduktionscreme 200ml &#187; CP-Pflege - LPG Solothurn Cellulite-Behandlung","isPartOf":{"@id":"https:\/\/www.soins-cp.com\/de\/#website"},"primaryImageOfPage":{"@id":"https:\/\/www.soins-cp.com\/de\/produit\/lipo-reduktionscreme-200ml\/#primaryimage"},"image":{"@id":"https:\/\/www.soins-cp.com\/de\/produit\/lipo-reduktionscreme-200ml\/#primaryimage"},"thumbnailUrl":"https:\/\/www.soins-cp.com\/wp-content\/uploads\/2021\/08\/endermologie-cosmetiques-creme-lipo-reductrice-NEW-2021.png","datePublished":"2021-08-12T16:28:37+00:00","dateModified":"2023-09-28T00:52:17+00:00","breadcrumb":{"@id":"https:\/\/www.soins-cp.com\/de\/produit\/lipo-reduktionscreme-200ml\/#breadcrumb"},"inLanguage":"de","potentialAction":[{"@type":"ReadAction","target":["https:\/\/www.soins-cp.com\/de\/produit\/lipo-reduktionscreme-200ml\/"]}]},{"@type":"ImageObject","inLanguage":"de","@id":"https:\/\/www.soins-cp.com\/de\/produit\/lipo-reduktionscreme-200ml\/#primaryimage","url":"https:\/\/www.soins-cp.com\/wp-content\/uploads\/2021\/08\/endermologie-cosmetiques-creme-lipo-reductrice-NEW-2021.png","contentUrl":"https:\/\/www.soins-cp.com\/wp-content\/uploads\/2021\/08\/endermologie-cosmetiques-creme-lipo-reductrice-NEW-2021.png","width":460,"height":460},{"@type":"BreadcrumbList","@id":"https:\/\/www.soins-cp.com\/de\/produit\/lipo-reduktionscreme-200ml\/#breadcrumb","itemListElement":[{"@type":"ListItem","position":1,"name":"Accueil","item":"https:\/\/www.soins-cp.com\/de\/startseite\/"},{"@type":"ListItem","position":2,"name":"Shop","item":"https:\/\/www.soins-cp.com\/de\/shop\/"},{"@type":"ListItem","position":3,"name":"Lipo Reduktionscreme 200ml"}]},{"@type":"WebSite","@id":"https:\/\/www.soins-cp.com\/de\/#website","url":"https:\/\/www.soins-cp.com\/de\/","name":"CP-Pflege - LPG Solothurn Cellulite-Behandlung","description":"LPG endermologie - Soins Visage &amp; Corps","publisher":{"@id":"https:\/\/www.soins-cp.com\/de\/#organization"},"potentialAction":[{"@type":"SearchAction","target":{"@type":"EntryPoint","urlTemplate":"https:\/\/www.soins-cp.com\/de\/?s={search_term_string}"},"query-input":{"@type":"PropertyValueSpecification","valueRequired":true,"valueName":"search_term_string"}}],"inLanguage":"de"},{"@type":"Organization","@id":"https:\/\/www.soins-cp.com\/de\/#organization","name":"Soins CP","url":"https:\/\/www.soins-cp.com\/de\/","logo":{"@type":"ImageObject","inLanguage":"de","@id":"https:\/\/www.soins-cp.com\/de\/#\/schema\/logo\/image\/","url":"https:\/\/www.soins-cp.com\/wp-content\/uploads\/2021\/06\/cropped-Logoendermologie-e1629976840663.jpg","contentUrl":"https:\/\/www.soins-cp.com\/wp-content\/uploads\/2021\/06\/cropped-Logoendermologie-e1629976840663.jpg","width":160,"height":160,"caption":"Soins CP"},"image":{"@id":"https:\/\/www.soins-cp.com\/de\/#\/schema\/logo\/image\/"}}]}},"_links":{"self":[{"href":"https:\/\/www.soins-cp.com\/de\/wp-json\/wp\/v2\/product\/1526","targetHints":{"allow":["GET"]}}],"collection":[{"href":"https:\/\/www.soins-cp.com\/de\/wp-json\/wp\/v2\/product"}],"about":[{"href":"https:\/\/www.soins-cp.com\/de\/wp-json\/wp\/v2\/types\/product"}],"wp:featuredmedia":[{"embeddable":true,"href":"https:\/\/www.soins-cp.com\/de\/wp-json\/wp\/v2\/media\/1437"}],"wp:attachment":[{"href":"https:\/\/www.soins-cp.com\/de\/wp-json\/wp\/v2\/media?parent=1526"}],"wp:term":[{"taxonomy":"product_brand","embeddable":true,"href":"https:\/\/www.soins-cp.com\/de\/wp-json\/wp\/v2\/product_brand?post=1526"},{"taxonomy":"product_cat","embeddable":true,"href":"https:\/\/www.soins-cp.com\/de\/wp-json\/wp\/v2\/product_cat?post=1526"},{"taxonomy":"product_tag","embeddable":true,"href":"https:\/\/www.soins-cp.com\/de\/wp-json\/wp\/v2\/product_tag?post=1526"}],"curies":[{"name":"wp","href":"https:\/\/api.w.org\/{rel}","templated":true}]}}