{"id":1524,"date":"2021-08-12T18:23:20","date_gmt":"2021-08-12T16:23:20","guid":{"rendered":"https:\/\/www.soins-cp.com\/produit\/lpg-schlankheitskur\/"},"modified":"2023-09-28T02:52:08","modified_gmt":"2023-09-28T00:52:08","slug":"lpg-schlankheitskur","status":"publish","type":"product","link":"https:\/\/www.soins-cp.com\/de\/produit\/lpg-schlankheitskur\/","title":{"rendered":"LPG-Schlankheitskur"},"content":{"rendered":"<div class=\"row align-center description\">\n<div class=\"columns small-12 medium-12 text-center\">\n<h4>AKTION<\/h4>\n<div class=\"desc-text\">\n<p>Die innere Routine, auf die Ihr K\u00f6rper gewartet hat, um den zentimetergenauen Verlust zu aktivieren.<\/p>\n<p>Fucus: Erh\u00f6ht das S\u00e4ttigungsgef\u00fchl<br \/>\nMate und Gurarana: Fettverbrennende Wirkung<br \/>\nChrom: H\u00e4lt den Blutzuckerspiegel normal<br \/>\nGr\u00fcner Tee und L\u00f6wenzahn: Entgiften<br \/>\nKupfer und Zink: Gute Funktion unseres Stoffwechsels<\/p>\n<\/div>\n<\/div>\n<\/div>\n<div class=\"row align-center description\">\n<div class=\"columns small-12 medium-6 text-center\">\n<h4>ZUSAMMENSETZUNG<\/h4>\n<div class=\"desc-text\">\n<p>Extrakte aus Fucus, Mate, Guarana, Chrom, Gr\u00fcnem Tee, L\u00f6wenzahn, Kupfer und Zink.<\/p>\n<p>Zutaten (f\u00fcr 2 Gel.): Fucus-Thallus-Pulver 200 mg (Fucus vesiculosus), Kapselh\u00fclle: Hydroxypropylmethylcellulose, Guarana-Samenextrakt 180 mg (Paullinia cupana Kunth); Mate-Blattextrakt 120 mg (Ilex paraguariensis), L\u00f6wenzahnwurzelextrakt 80 mg (Taraxacum officinale), Himbeerfruchtextrakt 50 mg (Rubus idaeus), Gr\u00fcnteebl\u00e4tterextrakt 40 mg (Camellia sinensis), Zinkbisglycinat 1,5 mg &#8211; 15% NRV*, Kupferbisglycinat 0,5 mg &#8211; 50% NRV*, Chrom(III)-chlorid 39 \u00b5g &#8211; 97% NRV*, Zinkbisglycinat 1,5 mg &#8211; 15% NRV*, Kupferbisglycinat 0,5 mg &#8211; 50% NRV*, Chrom(III)-chlorid 39 \u00b5g &#8211; 97.5% NRV*.<br \/>\n*Nutritional Reference Value (N\u00e4hrstoffbezugswert)<br \/>\nKann Spuren von Fisch, Schalentieren und Weichtieren enthalten.<\/p>\n<p>Pillendose mit 56 Kapseln aus 100 % pflanzlichen Rohstoffen.<\/p>\n<\/div>\n<\/div>\n<div class=\"columns small-12 medium-6 text-center\">\n<h4>ANWENDUNG<\/h4>\n<div class=\"desc-text\">\n<p>Nehmen Sie 2 Kapseln t\u00e4glich w\u00e4hrend einer Mahlzeit ein, am besten morgens. Diese Erg\u00e4nzung kann zu jedem Beginn des endermologie\u00ae-Programms eingenommen werden.<br \/>\nUm optimale Ergebnisse zu erzielen, sollten Sie dieses Programm mindestens zwei Monate hintereinander durchf\u00fchren. Wenn Sie die Kur 2 Mal 28 Tage lang durchf\u00fchren, d. h. 2 Zellzyklen hintereinander, wird das &#8222;Zellged\u00e4chtnis&#8220; ausgel\u00f6st: Ein Teil der Vorteile bleibt auch nach Beendigung der Kur erhalten.<\/p>\n<p>Das Nahrungserg\u00e4nzungsmittel auf pflanzlicher und mineralischer Basis ist kein Ersatz f\u00fcr eine abwechslungsreiche und ausgewogene Ern\u00e4hrung und eine gesunde Lebensweise. \u00dcberschreiten Sie nicht die empfohlene Tagesdosis. Enth\u00e4lt Koffein. Nicht bei Kindern, Jugendlichen, schwangeren oder stillenden Frauen anwenden (26 mg\/Tag). Au\u00dferhalb der Reichweite von kleinen Kindern aufbewahren. Ohne \u00e4rztlichen Rat nicht empfohlen f\u00fcr Personen mit chronischen Erkrankungen oder unter gerinnungshemmender Behandlung.<\/p>\n<\/div>\n<\/div>\n<\/div>\n","protected":false},"excerpt":{"rendered":"<pre>Br\u00fble-graisse\nPerte centim\u00e9trique\nDetoxifie<\/pre>\n","protected":false},"featured_media":1438,"template":"","meta":[],"product_brand":[],"product_cat":[43],"product_tag":[],"class_list":{"0":"post-1524","1":"product","2":"type-product","3":"status-publish","4":"has-post-thumbnail","6":"product_cat-korperkosmetik","8":"first","9":"outofstock","10":"featured","11":"shipping-taxable","12":"purchasable","13":"product-type-simple"},"yoast_head":"<!-- This site is optimized with the Yoast SEO plugin v27.5 - https:\/\/yoast.com\/product\/yoast-seo-wordpress\/ -->\n<title>LPG-Schlankheitskur &#187; CP-Pflege - LPG Solothurn Cellulite-Behandlung<\/title>\n<meta name=\"robots\" content=\"index, follow, max-snippet:-1, max-image-preview:large, max-video-preview:-1\" \/>\n<link rel=\"canonical\" href=\"https:\/\/www.soins-cp.com\/de\/produit\/lpg-schlankheitskur\/\" \/>\n<meta property=\"og:locale\" content=\"de_DE\" \/>\n<meta property=\"og:type\" content=\"article\" \/>\n<meta property=\"og:title\" content=\"LPG-Schlankheitskur &#187; CP-Pflege - LPG Solothurn Cellulite-Behandlung\" \/>\n<meta property=\"og:description\" content=\"Br\u00fble-graisse Perte centim\u00e9trique Detoxifie\" \/>\n<meta property=\"og:url\" content=\"https:\/\/www.soins-cp.com\/de\/produit\/lpg-schlankheitskur\/\" \/>\n<meta property=\"og:site_name\" content=\"CP-Pflege - LPG Solothurn Cellulite-Behandlung\" \/>\n<meta property=\"article:modified_time\" content=\"2023-09-28T00:52:08+00:00\" \/>\n<meta property=\"og:image\" content=\"https:\/\/www.soins-cp.com\/wp-content\/uploads\/2021\/08\/endermologie-cosmetiques-concentre-minceur.png\" \/>\n\t<meta property=\"og:image:width\" content=\"460\" \/>\n\t<meta property=\"og:image:height\" content=\"460\" \/>\n\t<meta property=\"og:image:type\" content=\"image\/png\" \/>\n<meta name=\"twitter:card\" content=\"summary_large_image\" \/>\n<meta name=\"twitter:label1\" content=\"Gesch\u00e4tzte Lesezeit\" \/>\n\t<meta name=\"twitter:data1\" content=\"1\u00a0Minute\" \/>\n<script type=\"application\/ld+json\" class=\"yoast-schema-graph\">{\"@context\":\"https:\\\/\\\/schema.org\",\"@graph\":[{\"@type\":\"WebPage\",\"@id\":\"https:\\\/\\\/www.soins-cp.com\\\/de\\\/produit\\\/lpg-schlankheitskur\\\/\",\"url\":\"https:\\\/\\\/www.soins-cp.com\\\/de\\\/produit\\\/lpg-schlankheitskur\\\/\",\"name\":\"LPG-Schlankheitskur &#187; CP-Pflege - LPG Solothurn Cellulite-Behandlung\",\"isPartOf\":{\"@id\":\"https:\\\/\\\/www.soins-cp.com\\\/de\\\/#website\"},\"primaryImageOfPage\":{\"@id\":\"https:\\\/\\\/www.soins-cp.com\\\/de\\\/produit\\\/lpg-schlankheitskur\\\/#primaryimage\"},\"image\":{\"@id\":\"https:\\\/\\\/www.soins-cp.com\\\/de\\\/produit\\\/lpg-schlankheitskur\\\/#primaryimage\"},\"thumbnailUrl\":\"https:\\\/\\\/www.soins-cp.com\\\/wp-content\\\/uploads\\\/2021\\\/08\\\/endermologie-cosmetiques-concentre-minceur.png\",\"datePublished\":\"2021-08-12T16:23:20+00:00\",\"dateModified\":\"2023-09-28T00:52:08+00:00\",\"breadcrumb\":{\"@id\":\"https:\\\/\\\/www.soins-cp.com\\\/de\\\/produit\\\/lpg-schlankheitskur\\\/#breadcrumb\"},\"inLanguage\":\"de\",\"potentialAction\":[{\"@type\":\"ReadAction\",\"target\":[\"https:\\\/\\\/www.soins-cp.com\\\/de\\\/produit\\\/lpg-schlankheitskur\\\/\"]}]},{\"@type\":\"ImageObject\",\"inLanguage\":\"de\",\"@id\":\"https:\\\/\\\/www.soins-cp.com\\\/de\\\/produit\\\/lpg-schlankheitskur\\\/#primaryimage\",\"url\":\"https:\\\/\\\/www.soins-cp.com\\\/wp-content\\\/uploads\\\/2021\\\/08\\\/endermologie-cosmetiques-concentre-minceur.png\",\"contentUrl\":\"https:\\\/\\\/www.soins-cp.com\\\/wp-content\\\/uploads\\\/2021\\\/08\\\/endermologie-cosmetiques-concentre-minceur.png\",\"width\":460,\"height\":460},{\"@type\":\"BreadcrumbList\",\"@id\":\"https:\\\/\\\/www.soins-cp.com\\\/de\\\/produit\\\/lpg-schlankheitskur\\\/#breadcrumb\",\"itemListElement\":[{\"@type\":\"ListItem\",\"position\":1,\"name\":\"Accueil\",\"item\":\"https:\\\/\\\/www.soins-cp.com\\\/de\\\/startseite\\\/\"},{\"@type\":\"ListItem\",\"position\":2,\"name\":\"Shop\",\"item\":\"https:\\\/\\\/www.soins-cp.com\\\/de\\\/shop\\\/\"},{\"@type\":\"ListItem\",\"position\":3,\"name\":\"LPG-Schlankheitskur\"}]},{\"@type\":\"WebSite\",\"@id\":\"https:\\\/\\\/www.soins-cp.com\\\/de\\\/#website\",\"url\":\"https:\\\/\\\/www.soins-cp.com\\\/de\\\/\",\"name\":\"CP-Pflege - LPG Solothurn Cellulite-Behandlung\",\"description\":\"LPG endermologie - Soins Visage &amp; Corps\",\"publisher\":{\"@id\":\"https:\\\/\\\/www.soins-cp.com\\\/de\\\/#organization\"},\"potentialAction\":[{\"@type\":\"SearchAction\",\"target\":{\"@type\":\"EntryPoint\",\"urlTemplate\":\"https:\\\/\\\/www.soins-cp.com\\\/de\\\/?s={search_term_string}\"},\"query-input\":{\"@type\":\"PropertyValueSpecification\",\"valueRequired\":true,\"valueName\":\"search_term_string\"}}],\"inLanguage\":\"de\"},{\"@type\":\"Organization\",\"@id\":\"https:\\\/\\\/www.soins-cp.com\\\/de\\\/#organization\",\"name\":\"Soins CP\",\"url\":\"https:\\\/\\\/www.soins-cp.com\\\/de\\\/\",\"logo\":{\"@type\":\"ImageObject\",\"inLanguage\":\"de\",\"@id\":\"https:\\\/\\\/www.soins-cp.com\\\/de\\\/#\\\/schema\\\/logo\\\/image\\\/\",\"url\":\"https:\\\/\\\/www.soins-cp.com\\\/wp-content\\\/uploads\\\/2021\\\/06\\\/cropped-Logoendermologie-e1629976840663.jpg\",\"contentUrl\":\"https:\\\/\\\/www.soins-cp.com\\\/wp-content\\\/uploads\\\/2021\\\/06\\\/cropped-Logoendermologie-e1629976840663.jpg\",\"width\":160,\"height\":160,\"caption\":\"Soins CP\"},\"image\":{\"@id\":\"https:\\\/\\\/www.soins-cp.com\\\/de\\\/#\\\/schema\\\/logo\\\/image\\\/\"}}]}<\/script>\n<!-- \/ Yoast SEO plugin. -->","yoast_head_json":{"title":"LPG-Schlankheitskur &#187; CP-Pflege - LPG Solothurn Cellulite-Behandlung","robots":{"index":"index","follow":"follow","max-snippet":"max-snippet:-1","max-image-preview":"max-image-preview:large","max-video-preview":"max-video-preview:-1"},"canonical":"https:\/\/www.soins-cp.com\/de\/produit\/lpg-schlankheitskur\/","og_locale":"de_DE","og_type":"article","og_title":"LPG-Schlankheitskur &#187; CP-Pflege - LPG Solothurn Cellulite-Behandlung","og_description":"Br\u00fble-graisse Perte centim\u00e9trique Detoxifie","og_url":"https:\/\/www.soins-cp.com\/de\/produit\/lpg-schlankheitskur\/","og_site_name":"CP-Pflege - LPG Solothurn Cellulite-Behandlung","article_modified_time":"2023-09-28T00:52:08+00:00","og_image":[{"width":460,"height":460,"url":"https:\/\/www.soins-cp.com\/wp-content\/uploads\/2021\/08\/endermologie-cosmetiques-concentre-minceur.png","type":"image\/png"}],"twitter_card":"summary_large_image","twitter_misc":{"Gesch\u00e4tzte Lesezeit":"1\u00a0Minute"},"schema":{"@context":"https:\/\/schema.org","@graph":[{"@type":"WebPage","@id":"https:\/\/www.soins-cp.com\/de\/produit\/lpg-schlankheitskur\/","url":"https:\/\/www.soins-cp.com\/de\/produit\/lpg-schlankheitskur\/","name":"LPG-Schlankheitskur &#187; CP-Pflege - LPG Solothurn Cellulite-Behandlung","isPartOf":{"@id":"https:\/\/www.soins-cp.com\/de\/#website"},"primaryImageOfPage":{"@id":"https:\/\/www.soins-cp.com\/de\/produit\/lpg-schlankheitskur\/#primaryimage"},"image":{"@id":"https:\/\/www.soins-cp.com\/de\/produit\/lpg-schlankheitskur\/#primaryimage"},"thumbnailUrl":"https:\/\/www.soins-cp.com\/wp-content\/uploads\/2021\/08\/endermologie-cosmetiques-concentre-minceur.png","datePublished":"2021-08-12T16:23:20+00:00","dateModified":"2023-09-28T00:52:08+00:00","breadcrumb":{"@id":"https:\/\/www.soins-cp.com\/de\/produit\/lpg-schlankheitskur\/#breadcrumb"},"inLanguage":"de","potentialAction":[{"@type":"ReadAction","target":["https:\/\/www.soins-cp.com\/de\/produit\/lpg-schlankheitskur\/"]}]},{"@type":"ImageObject","inLanguage":"de","@id":"https:\/\/www.soins-cp.com\/de\/produit\/lpg-schlankheitskur\/#primaryimage","url":"https:\/\/www.soins-cp.com\/wp-content\/uploads\/2021\/08\/endermologie-cosmetiques-concentre-minceur.png","contentUrl":"https:\/\/www.soins-cp.com\/wp-content\/uploads\/2021\/08\/endermologie-cosmetiques-concentre-minceur.png","width":460,"height":460},{"@type":"BreadcrumbList","@id":"https:\/\/www.soins-cp.com\/de\/produit\/lpg-schlankheitskur\/#breadcrumb","itemListElement":[{"@type":"ListItem","position":1,"name":"Accueil","item":"https:\/\/www.soins-cp.com\/de\/startseite\/"},{"@type":"ListItem","position":2,"name":"Shop","item":"https:\/\/www.soins-cp.com\/de\/shop\/"},{"@type":"ListItem","position":3,"name":"LPG-Schlankheitskur"}]},{"@type":"WebSite","@id":"https:\/\/www.soins-cp.com\/de\/#website","url":"https:\/\/www.soins-cp.com\/de\/","name":"CP-Pflege - LPG Solothurn Cellulite-Behandlung","description":"LPG endermologie - Soins Visage &amp; Corps","publisher":{"@id":"https:\/\/www.soins-cp.com\/de\/#organization"},"potentialAction":[{"@type":"SearchAction","target":{"@type":"EntryPoint","urlTemplate":"https:\/\/www.soins-cp.com\/de\/?s={search_term_string}"},"query-input":{"@type":"PropertyValueSpecification","valueRequired":true,"valueName":"search_term_string"}}],"inLanguage":"de"},{"@type":"Organization","@id":"https:\/\/www.soins-cp.com\/de\/#organization","name":"Soins CP","url":"https:\/\/www.soins-cp.com\/de\/","logo":{"@type":"ImageObject","inLanguage":"de","@id":"https:\/\/www.soins-cp.com\/de\/#\/schema\/logo\/image\/","url":"https:\/\/www.soins-cp.com\/wp-content\/uploads\/2021\/06\/cropped-Logoendermologie-e1629976840663.jpg","contentUrl":"https:\/\/www.soins-cp.com\/wp-content\/uploads\/2021\/06\/cropped-Logoendermologie-e1629976840663.jpg","width":160,"height":160,"caption":"Soins CP"},"image":{"@id":"https:\/\/www.soins-cp.com\/de\/#\/schema\/logo\/image\/"}}]}},"_links":{"self":[{"href":"https:\/\/www.soins-cp.com\/de\/wp-json\/wp\/v2\/product\/1524","targetHints":{"allow":["GET"]}}],"collection":[{"href":"https:\/\/www.soins-cp.com\/de\/wp-json\/wp\/v2\/product"}],"about":[{"href":"https:\/\/www.soins-cp.com\/de\/wp-json\/wp\/v2\/types\/product"}],"wp:featuredmedia":[{"embeddable":true,"href":"https:\/\/www.soins-cp.com\/de\/wp-json\/wp\/v2\/media\/1438"}],"wp:attachment":[{"href":"https:\/\/www.soins-cp.com\/de\/wp-json\/wp\/v2\/media?parent=1524"}],"wp:term":[{"taxonomy":"product_brand","embeddable":true,"href":"https:\/\/www.soins-cp.com\/de\/wp-json\/wp\/v2\/product_brand?post=1524"},{"taxonomy":"product_cat","embeddable":true,"href":"https:\/\/www.soins-cp.com\/de\/wp-json\/wp\/v2\/product_cat?post=1524"},{"taxonomy":"product_tag","embeddable":true,"href":"https:\/\/www.soins-cp.com\/de\/wp-json\/wp\/v2\/product_tag?post=1524"}],"curies":[{"name":"wp","href":"https:\/\/api.w.org\/{rel}","templated":true}]}}