{"id":1523,"date":"2021-08-12T18:35:49","date_gmt":"2021-08-12T16:35:49","guid":{"rendered":"https:\/\/www.soins-cp.com\/produit\/kollagenmaske-gesicht-und-dekollete\/"},"modified":"2023-09-28T02:52:07","modified_gmt":"2023-09-28T00:52:07","slug":"kollagenmaske-gesicht-und-dekollete","status":"publish","type":"product","link":"https:\/\/www.soins-cp.com\/de\/produit\/kollagenmaske-gesicht-und-dekollete\/","title":{"rendered":"Kollagenmaske Gesicht und Dekollet\u00e9"},"content":{"rendered":"<div class=\"row align-center description\">\n<div class=\"columns small-12 medium-12 text-center\">\n<h4>AKTION<\/h4>\n<div class=\"desc-text\">\n<p>Diese Pflegemaske mit einzigartigem &#8222;Zweite-Haut-Effekt&#8220; regeneriert und beruhigt die Haut. Diese Hightech-Behandlung von LPG ist vollgepackt mit Kollagen und Hyalurons\u00e4ure, um die Gesichtsz\u00fcge zu gl\u00e4tten, und S\u00fc\u00dfholzwurzelextrakt, um den Teint zu kl\u00e4ren. Sie bietet sofortige und sichtbare Ergebnisse.<\/p>\n<\/div>\n<\/div>\n<\/div>\n<div class=\"row align-center description\">\n<div class=\"columns small-12 medium-4 text-center\">\n<h4>TEXTURE<\/h4>\n<div class=\"desc-text\">\n<p>Das zu 100 % nat\u00fcrliche Bio-Zellulose-Material dieser Gesichtsmaske bietet einen au\u00dfergew\u00f6hnlichen Okklusionseffekt, sodass die Wirkstoffe optimal eindringen k\u00f6nnen.<\/p>\n<\/div>\n<\/div>\n<div class=\"columns small-12 medium-4 text-center\">\n<h4>ZUSAMMENSETZUNG<\/h4>\n<div class=\"desc-text\">\n<div class=\"z-content z-active\">\n<div class=\"z-content-inner\">\n<div class=\"wysiwyg\">\n<p>18 % Synergie aus Anti-Aging-, kl\u00e4renden und antioxidativen Wirkstoffen<\/p>\n<p>Ohne Parabene, ohne Phenoxyethanol<\/p>\n<p><strong>Beutel mit 25 g<\/strong><\/p>\n<\/div>\n<\/div>\n<\/div>\n<\/div>\n<\/div>\n<div class=\"columns small-12 medium-4 text-center\">\n<h4>ANWENDUNG<\/h4>\n<div class=\"desc-text\">\n<p>1 Mal pro Woche 15 Minuten lang auf das gesamte Gesicht auftragen. Ohne Nachsp\u00fclen.<\/p>\n<\/div>\n<\/div>\n<\/div>\n","protected":false},"excerpt":{"rendered":"<p>Nanocell-Technologie f\u00fcr einen einzigartigen Zweite-Haut-Effekt<br \/>\nRegeneriert und beruhigt die Haut<br \/>\nAnti-Falten<\/p>\n","protected":false},"featured_media":1430,"template":"","meta":[],"product_brand":[],"product_cat":[44],"product_tag":[],"class_list":{"0":"post-1523","1":"product","2":"type-product","3":"status-publish","4":"has-post-thumbnail","6":"product_cat-gesichtskosmetik","8":"first","9":"outofstock","10":"shipping-taxable","11":"purchasable","12":"product-type-simple"},"yoast_head":"<!-- This site is optimized with the Yoast SEO plugin v27.5 - https:\/\/yoast.com\/product\/yoast-seo-wordpress\/ -->\n<title>Kollagenmaske Gesicht und Dekollet\u00e9 &#187; CP-Pflege - LPG Solothurn Cellulite-Behandlung<\/title>\n<meta name=\"robots\" content=\"index, follow, max-snippet:-1, max-image-preview:large, max-video-preview:-1\" \/>\n<link rel=\"canonical\" href=\"https:\/\/www.soins-cp.com\/de\/produit\/kollagenmaske-gesicht-und-dekollete\/\" \/>\n<meta property=\"og:locale\" content=\"de_DE\" \/>\n<meta property=\"og:type\" content=\"article\" \/>\n<meta property=\"og:title\" content=\"Kollagenmaske Gesicht und Dekollet\u00e9 &#187; CP-Pflege - LPG Solothurn Cellulite-Behandlung\" \/>\n<meta property=\"og:description\" content=\"Nanocell-Technologie f\u00fcr einen einzigartigen Zweite-Haut-Effekt Regeneriert und beruhigt die Haut Anti-Falten\" \/>\n<meta property=\"og:url\" content=\"https:\/\/www.soins-cp.com\/de\/produit\/kollagenmaske-gesicht-und-dekollete\/\" \/>\n<meta property=\"og:site_name\" content=\"CP-Pflege - LPG Solothurn Cellulite-Behandlung\" \/>\n<meta property=\"article:modified_time\" content=\"2023-09-28T00:52:07+00:00\" \/>\n<meta property=\"og:image\" content=\"https:\/\/www.soins-cp.com\/wp-content\/uploads\/2021\/08\/masque-collagene.png\" \/>\n\t<meta property=\"og:image:width\" content=\"460\" \/>\n\t<meta property=\"og:image:height\" content=\"460\" \/>\n\t<meta property=\"og:image:type\" content=\"image\/png\" \/>\n<meta name=\"twitter:card\" content=\"summary_large_image\" \/>\n<script type=\"application\/ld+json\" class=\"yoast-schema-graph\">{\"@context\":\"https:\\\/\\\/schema.org\",\"@graph\":[{\"@type\":\"WebPage\",\"@id\":\"https:\\\/\\\/www.soins-cp.com\\\/de\\\/produit\\\/kollagenmaske-gesicht-und-dekollete\\\/\",\"url\":\"https:\\\/\\\/www.soins-cp.com\\\/de\\\/produit\\\/kollagenmaske-gesicht-und-dekollete\\\/\",\"name\":\"Kollagenmaske Gesicht und Dekollet\u00e9 &#187; CP-Pflege - LPG Solothurn Cellulite-Behandlung\",\"isPartOf\":{\"@id\":\"https:\\\/\\\/www.soins-cp.com\\\/de\\\/#website\"},\"primaryImageOfPage\":{\"@id\":\"https:\\\/\\\/www.soins-cp.com\\\/de\\\/produit\\\/kollagenmaske-gesicht-und-dekollete\\\/#primaryimage\"},\"image\":{\"@id\":\"https:\\\/\\\/www.soins-cp.com\\\/de\\\/produit\\\/kollagenmaske-gesicht-und-dekollete\\\/#primaryimage\"},\"thumbnailUrl\":\"https:\\\/\\\/www.soins-cp.com\\\/wp-content\\\/uploads\\\/2021\\\/08\\\/masque-collagene.png\",\"datePublished\":\"2021-08-12T16:35:49+00:00\",\"dateModified\":\"2023-09-28T00:52:07+00:00\",\"breadcrumb\":{\"@id\":\"https:\\\/\\\/www.soins-cp.com\\\/de\\\/produit\\\/kollagenmaske-gesicht-und-dekollete\\\/#breadcrumb\"},\"inLanguage\":\"de\",\"potentialAction\":[{\"@type\":\"ReadAction\",\"target\":[\"https:\\\/\\\/www.soins-cp.com\\\/de\\\/produit\\\/kollagenmaske-gesicht-und-dekollete\\\/\"]}]},{\"@type\":\"ImageObject\",\"inLanguage\":\"de\",\"@id\":\"https:\\\/\\\/www.soins-cp.com\\\/de\\\/produit\\\/kollagenmaske-gesicht-und-dekollete\\\/#primaryimage\",\"url\":\"https:\\\/\\\/www.soins-cp.com\\\/wp-content\\\/uploads\\\/2021\\\/08\\\/masque-collagene.png\",\"contentUrl\":\"https:\\\/\\\/www.soins-cp.com\\\/wp-content\\\/uploads\\\/2021\\\/08\\\/masque-collagene.png\",\"width\":460,\"height\":460},{\"@type\":\"BreadcrumbList\",\"@id\":\"https:\\\/\\\/www.soins-cp.com\\\/de\\\/produit\\\/kollagenmaske-gesicht-und-dekollete\\\/#breadcrumb\",\"itemListElement\":[{\"@type\":\"ListItem\",\"position\":1,\"name\":\"Accueil\",\"item\":\"https:\\\/\\\/www.soins-cp.com\\\/de\\\/startseite\\\/\"},{\"@type\":\"ListItem\",\"position\":2,\"name\":\"Shop\",\"item\":\"https:\\\/\\\/www.soins-cp.com\\\/de\\\/shop\\\/\"},{\"@type\":\"ListItem\",\"position\":3,\"name\":\"Kollagenmaske Gesicht und Dekollet\u00e9\"}]},{\"@type\":\"WebSite\",\"@id\":\"https:\\\/\\\/www.soins-cp.com\\\/de\\\/#website\",\"url\":\"https:\\\/\\\/www.soins-cp.com\\\/de\\\/\",\"name\":\"CP-Pflege - LPG Solothurn Cellulite-Behandlung\",\"description\":\"LPG endermologie - Soins Visage &amp; Corps\",\"publisher\":{\"@id\":\"https:\\\/\\\/www.soins-cp.com\\\/de\\\/#organization\"},\"potentialAction\":[{\"@type\":\"SearchAction\",\"target\":{\"@type\":\"EntryPoint\",\"urlTemplate\":\"https:\\\/\\\/www.soins-cp.com\\\/de\\\/?s={search_term_string}\"},\"query-input\":{\"@type\":\"PropertyValueSpecification\",\"valueRequired\":true,\"valueName\":\"search_term_string\"}}],\"inLanguage\":\"de\"},{\"@type\":\"Organization\",\"@id\":\"https:\\\/\\\/www.soins-cp.com\\\/de\\\/#organization\",\"name\":\"Soins CP\",\"url\":\"https:\\\/\\\/www.soins-cp.com\\\/de\\\/\",\"logo\":{\"@type\":\"ImageObject\",\"inLanguage\":\"de\",\"@id\":\"https:\\\/\\\/www.soins-cp.com\\\/de\\\/#\\\/schema\\\/logo\\\/image\\\/\",\"url\":\"https:\\\/\\\/www.soins-cp.com\\\/wp-content\\\/uploads\\\/2021\\\/06\\\/cropped-Logoendermologie-e1629976840663.jpg\",\"contentUrl\":\"https:\\\/\\\/www.soins-cp.com\\\/wp-content\\\/uploads\\\/2021\\\/06\\\/cropped-Logoendermologie-e1629976840663.jpg\",\"width\":160,\"height\":160,\"caption\":\"Soins CP\"},\"image\":{\"@id\":\"https:\\\/\\\/www.soins-cp.com\\\/de\\\/#\\\/schema\\\/logo\\\/image\\\/\"}}]}<\/script>\n<!-- \/ Yoast SEO plugin. -->","yoast_head_json":{"title":"Kollagenmaske Gesicht und Dekollet\u00e9 &#187; CP-Pflege - LPG Solothurn Cellulite-Behandlung","robots":{"index":"index","follow":"follow","max-snippet":"max-snippet:-1","max-image-preview":"max-image-preview:large","max-video-preview":"max-video-preview:-1"},"canonical":"https:\/\/www.soins-cp.com\/de\/produit\/kollagenmaske-gesicht-und-dekollete\/","og_locale":"de_DE","og_type":"article","og_title":"Kollagenmaske Gesicht und Dekollet\u00e9 &#187; CP-Pflege - LPG Solothurn Cellulite-Behandlung","og_description":"Nanocell-Technologie f\u00fcr einen einzigartigen Zweite-Haut-Effekt Regeneriert und beruhigt die Haut Anti-Falten","og_url":"https:\/\/www.soins-cp.com\/de\/produit\/kollagenmaske-gesicht-und-dekollete\/","og_site_name":"CP-Pflege - LPG Solothurn Cellulite-Behandlung","article_modified_time":"2023-09-28T00:52:07+00:00","og_image":[{"width":460,"height":460,"url":"https:\/\/www.soins-cp.com\/wp-content\/uploads\/2021\/08\/masque-collagene.png","type":"image\/png"}],"twitter_card":"summary_large_image","schema":{"@context":"https:\/\/schema.org","@graph":[{"@type":"WebPage","@id":"https:\/\/www.soins-cp.com\/de\/produit\/kollagenmaske-gesicht-und-dekollete\/","url":"https:\/\/www.soins-cp.com\/de\/produit\/kollagenmaske-gesicht-und-dekollete\/","name":"Kollagenmaske Gesicht und Dekollet\u00e9 &#187; CP-Pflege - LPG Solothurn Cellulite-Behandlung","isPartOf":{"@id":"https:\/\/www.soins-cp.com\/de\/#website"},"primaryImageOfPage":{"@id":"https:\/\/www.soins-cp.com\/de\/produit\/kollagenmaske-gesicht-und-dekollete\/#primaryimage"},"image":{"@id":"https:\/\/www.soins-cp.com\/de\/produit\/kollagenmaske-gesicht-und-dekollete\/#primaryimage"},"thumbnailUrl":"https:\/\/www.soins-cp.com\/wp-content\/uploads\/2021\/08\/masque-collagene.png","datePublished":"2021-08-12T16:35:49+00:00","dateModified":"2023-09-28T00:52:07+00:00","breadcrumb":{"@id":"https:\/\/www.soins-cp.com\/de\/produit\/kollagenmaske-gesicht-und-dekollete\/#breadcrumb"},"inLanguage":"de","potentialAction":[{"@type":"ReadAction","target":["https:\/\/www.soins-cp.com\/de\/produit\/kollagenmaske-gesicht-und-dekollete\/"]}]},{"@type":"ImageObject","inLanguage":"de","@id":"https:\/\/www.soins-cp.com\/de\/produit\/kollagenmaske-gesicht-und-dekollete\/#primaryimage","url":"https:\/\/www.soins-cp.com\/wp-content\/uploads\/2021\/08\/masque-collagene.png","contentUrl":"https:\/\/www.soins-cp.com\/wp-content\/uploads\/2021\/08\/masque-collagene.png","width":460,"height":460},{"@type":"BreadcrumbList","@id":"https:\/\/www.soins-cp.com\/de\/produit\/kollagenmaske-gesicht-und-dekollete\/#breadcrumb","itemListElement":[{"@type":"ListItem","position":1,"name":"Accueil","item":"https:\/\/www.soins-cp.com\/de\/startseite\/"},{"@type":"ListItem","position":2,"name":"Shop","item":"https:\/\/www.soins-cp.com\/de\/shop\/"},{"@type":"ListItem","position":3,"name":"Kollagenmaske Gesicht und Dekollet\u00e9"}]},{"@type":"WebSite","@id":"https:\/\/www.soins-cp.com\/de\/#website","url":"https:\/\/www.soins-cp.com\/de\/","name":"CP-Pflege - LPG Solothurn Cellulite-Behandlung","description":"LPG endermologie - Soins Visage &amp; Corps","publisher":{"@id":"https:\/\/www.soins-cp.com\/de\/#organization"},"potentialAction":[{"@type":"SearchAction","target":{"@type":"EntryPoint","urlTemplate":"https:\/\/www.soins-cp.com\/de\/?s={search_term_string}"},"query-input":{"@type":"PropertyValueSpecification","valueRequired":true,"valueName":"search_term_string"}}],"inLanguage":"de"},{"@type":"Organization","@id":"https:\/\/www.soins-cp.com\/de\/#organization","name":"Soins CP","url":"https:\/\/www.soins-cp.com\/de\/","logo":{"@type":"ImageObject","inLanguage":"de","@id":"https:\/\/www.soins-cp.com\/de\/#\/schema\/logo\/image\/","url":"https:\/\/www.soins-cp.com\/wp-content\/uploads\/2021\/06\/cropped-Logoendermologie-e1629976840663.jpg","contentUrl":"https:\/\/www.soins-cp.com\/wp-content\/uploads\/2021\/06\/cropped-Logoendermologie-e1629976840663.jpg","width":160,"height":160,"caption":"Soins CP"},"image":{"@id":"https:\/\/www.soins-cp.com\/de\/#\/schema\/logo\/image\/"}}]}},"_links":{"self":[{"href":"https:\/\/www.soins-cp.com\/de\/wp-json\/wp\/v2\/product\/1523","targetHints":{"allow":["GET"]}}],"collection":[{"href":"https:\/\/www.soins-cp.com\/de\/wp-json\/wp\/v2\/product"}],"about":[{"href":"https:\/\/www.soins-cp.com\/de\/wp-json\/wp\/v2\/types\/product"}],"wp:featuredmedia":[{"embeddable":true,"href":"https:\/\/www.soins-cp.com\/de\/wp-json\/wp\/v2\/media\/1430"}],"wp:attachment":[{"href":"https:\/\/www.soins-cp.com\/de\/wp-json\/wp\/v2\/media?parent=1523"}],"wp:term":[{"taxonomy":"product_brand","embeddable":true,"href":"https:\/\/www.soins-cp.com\/de\/wp-json\/wp\/v2\/product_brand?post=1523"},{"taxonomy":"product_cat","embeddable":true,"href":"https:\/\/www.soins-cp.com\/de\/wp-json\/wp\/v2\/product_cat?post=1523"},{"taxonomy":"product_tag","embeddable":true,"href":"https:\/\/www.soins-cp.com\/de\/wp-json\/wp\/v2\/product_tag?post=1523"}],"curies":[{"name":"wp","href":"https:\/\/api.w.org\/{rel}","templated":true}]}}