{"id":1579,"date":"2021-08-13T00:14:02","date_gmt":"2021-08-12T22:14:02","guid":{"rendered":"https:\/\/www.soins-cp.com\/lpg-shop\/gesichtskosmetik\/"},"modified":"2025-01-30T10:15:03","modified_gmt":"2025-01-30T09:15:03","slug":"gesichtskosmetik","status":"publish","type":"page","link":"https:\/\/www.soins-cp.com\/de\/lpg-shop\/gesichtskosmetik\/","title":{"rendered":"Gesichtskosmetik"},"content":{"rendered":"<div class=\"wpb-content-wrapper\"><p>[vc_row css_animation=&#8220;&#8220; row_type=&#8220;row&#8220; use_row_as_full_screen_section=&#8220;no&#8220; type=&#8220;grid&#8220; angled_section=&#8220;no&#8220; text_align=&#8220;left&#8220; background_image_as_pattern=&#8220;without_pattern&#8220; css=&#8220;.vc_custom_1643929736409{padding-top: 70px !important;}&#8220; z_index=&#8220;&#8220;][vc_column][vc_row_inner row_type=&#8220;row&#8220; type=&#8220;full_width&#8220; text_align=&#8220;left&#8220; css_animation=&#8220;&#8220; css=&#8220;.vc_custom_1643929790480{padding-bottom: 40px !important;}&#8220;][vc_column_inner][vc_column_text]<\/p>\n<h3>Entdecken Sie die Endermologie-Gesichtskosmetik.<br \/> Die einzige Pflegeserie aus der <sup>Endermologie\u00ae<\/sup>.<\/h3>\n<p>[\/vc_column_text][\/vc_column_inner][\/vc_row_inner][vc_row_inner row_type=&#8220;row&#8220; type=&#8220;full_width&#8220; text_align=&#8220;left&#8220; css_animation=&#8220;&#8220;][vc_column_inner width=&#8220;1\/2&#8243;][vc_column_text]Die LPG Systems Laboratories sind seit 30 Jahren Experten f\u00fcr die Haut und haben eine hochentwickelte, individuelle <strong>Kosmetikl\u00f6sung f\u00fcr das Gesicht<\/strong> entwickelt:<\/p>\n<ul>\n<li>High-Tech-Formulierungen<\/li>\n<li>Maximierte Konzentration der aktiven Inhaltsstoffe<\/li>\n<li>Ohne Parabene und Phenoxyethanol<\/li>\n<\/ul>\n<p>[\/vc_column_text][\/vc_column_inner][vc_column_inner width=&#8220;1\/2&#8243;][vc_column_text]<strong>Die Produktlinie <sup>Endermologie\u00ae<\/sup> Gesichtskosmetik bietet eine Anti-Aging-Verschreibung, die auf den drei Haupttypen der Hautalterung und des Gesichtsmorphotyps basiert, die von den LPG-Experten identifiziert wurden: Absinken, Vertiefung und Aufw\u00f6lbung.<\/strong>[\/vc_column_text][\/vc_column_inner][\/vc_row_inner][\/vc_column][\/vc_row][vc_row css_animation=&#8220;&#8220; row_type=&#8220;row&#8220; use_row_as_full_screen_section=&#8220;no&#8220; type=&#8220;full_width&#8220; angled_section=&#8220;no&#8220; text_align=&#8220;left&#8220; background_image_as_pattern=&#8220;without_pattern&#8220; css=&#8220;.vc_custom_1643929486244{padding-top: 20px !important;padding-bottom: 70px !important;background: #ffffff url(https:\/\/www.soins-cp.com\/wp-content\/uploads\/2021\/06\/background.jpg?id=720) !important;background-position: center !important;background-repeat: no-repeat !important;background-size: cover !important;}&#8220; z_index=&#8220;&#8220;][vc_column][vc_row_inner row_type=&#8220;row&#8220; type=&#8220;grid&#8220; text_align=&#8220;left&#8220; css_animation=&#8220;&#8220; css=&#8220;.vc_custom_1626182829953{padding-top: 70px !important;padding-bottom: 70px !important;}&#8220;][vc_column_inner]<div class='qode_product_list_holder two_columns'><ul><li><div class=\"product_list_inner\" ><div class=\"product_category\"><a href=\"https:\/\/www.soins-cp.com\/de\/categorie-produit\/gesichtskosmetik\/\" rel=\"tag\">Gesichtskosmetik<\/a><\/div><h4 itemprop=\"name\" class=\"product_title entry-title\">Augen- &amp; Lippenkonturenpflege<\/h4><div class=\"product_separator separator small center\" ><\/div><div class=\"product_image\"><img loading=\"lazy\" decoding=\"async\" width=\"460\" height=\"460\" src=\"https:\/\/www.soins-cp.com\/wp-content\/uploads\/2021\/08\/460-460_soin-contour-yeux-levres-lpg.png\" class=\"attachment-post-thumbnail size-post-thumbnail wp-post-image\" alt=\"\" \/><\/div><div class=\"product_price\" ><span class=\"woocommerce-Price-amount amount\"><span class=\"woocommerce-Price-currencySymbol\">&#067;&#072;&#070;<\/span>&nbsp;55,90<\/span><\/div><div class=\"product_button\"><a rel=\"nofollow\" href=\"https:\/\/www.soins-cp.com\/de\/produit\/pflege-augen-level-kontur\/\" data-quantity=\"1\" data-product_id=\"1518\" data-product_sku=\"\" class=\"qbutton  default ajax_add_to_cart  qode-product-out-of-stock simple\">Weiterlesen<\/a><\/div><\/div><a itemprop=\"url\" class=\"product_list_link\" href=\"https:\/\/www.soins-cp.com\/de\/produit\/pflege-augen-level-kontur\/\" target=\"_self\"><\/a><\/li><li><div class=\"product_list_inner\" ><div class=\"product_category\"><a href=\"https:\/\/www.soins-cp.com\/de\/categorie-produit\/gesichtskosmetik\/\" rel=\"tag\">Gesichtskosmetik<\/a><\/div><h4 itemprop=\"name\" class=\"product_title entry-title\">Anti-Aging-Pflege Zellregeneration<\/h4><div class=\"product_separator separator small center\" ><\/div><div class=\"product_image\"><img loading=\"lazy\" decoding=\"async\" width=\"591\" height=\"472\" src=\"https:\/\/www.soins-cp.com\/wp-content\/uploads\/2021\/08\/newAARC-2017.png\" class=\"attachment-post-thumbnail size-post-thumbnail wp-post-image\" alt=\"\" \/><\/div><div class=\"product_price\" ><span class=\"woocommerce-Price-amount amount\"><span class=\"woocommerce-Price-currencySymbol\">&#067;&#072;&#070;<\/span>&nbsp;115,90<\/span><\/div><div class=\"product_button\"><a rel=\"nofollow\" href=\"https:\/\/www.soins-cp.com\/de\/produit\/anti-age-regeneration-zellular-pflege\/\" data-quantity=\"1\" data-product_id=\"1527\" data-product_sku=\"\" class=\"qbutton  default ajax_add_to_cart  qode-product-out-of-stock simple\">Weiterlesen<\/a><\/div><\/div><a itemprop=\"url\" class=\"product_list_link\" href=\"https:\/\/www.soins-cp.com\/de\/produit\/anti-age-regeneration-zellular-pflege\/\" target=\"_self\"><\/a><\/li><li><div class=\"product_list_inner\" ><div class=\"product_category\"><a href=\"https:\/\/www.soins-cp.com\/de\/categorie-produit\/gesichtskosmetik\/\" rel=\"tag\">Gesichtskosmetik<\/a><\/div><h4 itemprop=\"name\" class=\"product_title entry-title\">Anti-Aging-Serum Zellregeneration<\/h4><div class=\"product_separator separator small center\" ><\/div><div class=\"product_image\"><img loading=\"lazy\" decoding=\"async\" width=\"460\" height=\"460\" src=\"https:\/\/www.soins-cp.com\/wp-content\/uploads\/2021\/08\/serumantiageregenerationcellulaire.png\" class=\"attachment-post-thumbnail size-post-thumbnail wp-post-image\" alt=\"\" \/><\/div><div class=\"product_price\" ><span class=\"woocommerce-Price-amount amount\"><span class=\"woocommerce-Price-currencySymbol\">&#067;&#072;&#070;<\/span>&nbsp;130,90<\/span><\/div><div class=\"product_button\"><a rel=\"nofollow\" href=\"https:\/\/www.soins-cp.com\/de\/produit\/serum-anti-age-zellregeneration\/\" data-quantity=\"1\" data-product_id=\"1529\" data-product_sku=\"\" class=\"qbutton  default ajax_add_to_cart  qode-product-out-of-stock simple\">Weiterlesen<\/a><\/div><\/div><a itemprop=\"url\" class=\"product_list_link\" href=\"https:\/\/www.soins-cp.com\/de\/produit\/serum-anti-age-zellregeneration\/\" target=\"_self\"><\/a><\/li><li><div class=\"product_list_inner\" ><div class=\"product_category\"><a href=\"https:\/\/www.soins-cp.com\/de\/categorie-produit\/gesichtskosmetik\/\" rel=\"tag\">Gesichtskosmetik<\/a><\/div><h4 itemprop=\"name\" class=\"product_title entry-title\">Augenkontur-Maske<\/h4><div class=\"product_separator separator small center\" ><\/div><div class=\"product_image\"><img loading=\"lazy\" decoding=\"async\" width=\"460\" height=\"460\" src=\"https:\/\/www.soins-cp.com\/wp-content\/uploads\/2021\/08\/masque-yeux.png\" class=\"attachment-post-thumbnail size-post-thumbnail wp-post-image\" alt=\"\" \/><\/div><div class=\"product_price\" ><span class=\"woocommerce-Price-amount amount\"><span class=\"woocommerce-Price-currencySymbol\">&#067;&#072;&#070;<\/span>&nbsp;13,00<\/span><\/div><div class=\"product_button\"><a rel=\"nofollow\" href=\"https:\/\/www.soins-cp.com\/de\/produit\/augenmaske-um-die-augen\/\" data-quantity=\"1\" data-product_id=\"1532\" data-product_sku=\"\" class=\"qbutton  default ajax_add_to_cart  qode-product-out-of-stock simple\">Weiterlesen<\/a><\/div><\/div><a itemprop=\"url\" class=\"product_list_link\" href=\"https:\/\/www.soins-cp.com\/de\/produit\/augenmaske-um-die-augen\/\" target=\"_self\"><\/a><\/li><li><div class=\"product_list_inner\" ><div class=\"product_category\"><a href=\"https:\/\/www.soins-cp.com\/de\/categorie-produit\/gesichtskosmetik\/\" rel=\"tag\">Gesichtskosmetik<\/a><\/div><h4 itemprop=\"name\" class=\"product_title entry-title\">Kollagenmaske Gesicht und Dekollet\u00e9<\/h4><div class=\"product_separator separator small center\" ><\/div><div class=\"product_image\"><img loading=\"lazy\" decoding=\"async\" width=\"460\" height=\"460\" src=\"https:\/\/www.soins-cp.com\/wp-content\/uploads\/2021\/08\/masque-collagene.png\" class=\"attachment-post-thumbnail size-post-thumbnail wp-post-image\" alt=\"\" \/><\/div><div class=\"product_price\" ><span class=\"woocommerce-Price-amount amount\"><span class=\"woocommerce-Price-currencySymbol\">&#067;&#072;&#070;<\/span>&nbsp;18,00<\/span><\/div><div class=\"product_button\"><a rel=\"nofollow\" href=\"https:\/\/www.soins-cp.com\/de\/produit\/kollagenmaske-gesicht-und-dekollete\/\" data-quantity=\"1\" data-product_id=\"1523\" data-product_sku=\"\" class=\"qbutton  default ajax_add_to_cart  qode-product-out-of-stock simple\">Weiterlesen<\/a><\/div><\/div><a itemprop=\"url\" class=\"product_list_link\" href=\"https:\/\/www.soins-cp.com\/de\/produit\/kollagenmaske-gesicht-und-dekollete\/\" target=\"_self\"><\/a><\/li><\/ul><\/div>[\/vc_column_inner][\/vc_row_inner][\/vc_column][\/vc_row]<\/p>\n<\/div>","protected":false},"excerpt":{"rendered":"<p>[vc_row css_animation=&#8220;&#8220; row_type=&#8220;row&#8220; use_row_as_full_screen_section=&#8220;no&#8220; type=&#8220;grid&#8220; angled_section=&#8220;no&#8220; text_align=&#8220;left&#8220; background_image_as_pattern=&#8220;without_pattern&#8220; css=&#8220;.vc_custom_1643929736409{padding-top: 70px !important;}&#8220; z_index=&#8220;&#8220;][vc_column][vc_row_inner row_type=&#8220;row&#8220; type=&#8220;full_width&#8220; text_align=&#8220;left&#8220; css_animation=&#8220;&#8220; css=&#8220;.vc_custom_1643929790480{padding-bottom: 40px !important;}&#8220;][vc_column_inner][vc_column_text] Entdecken Sie die Endermologie-Gesichtskosmetik. Die einzige Pflegeserie aus der Endermologie\u00ae. [\/vc_column_text][\/vc_column_inner][\/vc_row_inner][vc_row_inner row_type=&#8220;row&#8220; type=&#8220;full_width&#8220; text_align=&#8220;left&#8220; css_animation=&#8220;&#8220;][vc_column_inner width=&#8220;1\/2&#8243;][vc_column_text]Die LPG Systems Laboratories sind seit 30 Jahren Experten f\u00fcr die&#8230;<\/p>\n","protected":false},"author":1,"featured_media":0,"parent":1538,"menu_order":0,"comment_status":"closed","ping_status":"closed","template":"full_width.php","meta":{"footnotes":""},"class_list":["post-1579","page","type-page","status-publish","hentry"],"yoast_head":"<!-- This site is optimized with the Yoast SEO plugin v27.5 - https:\/\/yoast.com\/product\/yoast-seo-wordpress\/ -->\n<title>Gesichtskosmetik LPG Endermologie &#187; CP-Pflege - LPG Solothurn Cellulite-Behandlung<\/title>\n<meta name=\"robots\" content=\"index, follow, max-snippet:-1, max-image-preview:large, max-video-preview:-1\" \/>\n<link rel=\"canonical\" href=\"https:\/\/www.soins-cp.com\/de\/lpg-shop\/gesichtskosmetik\/\" \/>\n<meta property=\"og:locale\" content=\"de_DE\" \/>\n<meta property=\"og:type\" content=\"article\" \/>\n<meta property=\"og:title\" content=\"Gesichtskosmetik LPG Endermologie &#187; CP-Pflege - LPG Solothurn Cellulite-Behandlung\" \/>\n<meta property=\"og:description\" content=\"[vc_row css_animation=&#8220;&#8220; row_type=&#8220;row&#8220; use_row_as_full_screen_section=&#8220;no&#8220; type=&#8220;grid&#8220; angled_section=&#8220;no&#8220; text_align=&#8220;left&#8220; background_image_as_pattern=&#8220;without_pattern&#8220; css=&#8220;.vc_custom_1643929736409{padding-top: 70px !important;}&#8220; z_index=&#8220;&#8220;][vc_column][vc_row_inner row_type=&#8220;row&#8220; type=&#8220;full_width&#8220; text_align=&#8220;left&#8220; css_animation=&#8220;&#8220; css=&#8220;.vc_custom_1643929790480{padding-bottom: 40px !important;}&#8220;][vc_column_inner][vc_column_text] Entdecken Sie die Endermologie-Gesichtskosmetik. Die einzige Pflegeserie aus der Endermologie\u00ae. [\/vc_column_text][\/vc_column_inner][\/vc_row_inner][vc_row_inner row_type=&#8220;row&#8220; type=&#8220;full_width&#8220; text_align=&#8220;left&#8220; css_animation=&#8220;&#8220;][vc_column_inner width=&#8220;1\/2&#8243;][vc_column_text]Die LPG Systems Laboratories sind seit 30 Jahren Experten f\u00fcr die...\" \/>\n<meta property=\"og:url\" content=\"https:\/\/www.soins-cp.com\/de\/lpg-shop\/gesichtskosmetik\/\" \/>\n<meta property=\"og:site_name\" content=\"CP-Pflege - LPG Solothurn Cellulite-Behandlung\" \/>\n<meta property=\"article:modified_time\" content=\"2025-01-30T09:15:03+00:00\" \/>\n<meta name=\"twitter:card\" content=\"summary_large_image\" \/>\n<meta name=\"twitter:label1\" content=\"Gesch\u00e4tzte Lesezeit\" \/>\n\t<meta name=\"twitter:data1\" content=\"2\u00a0Minuten\" \/>\n<script type=\"application\/ld+json\" class=\"yoast-schema-graph\">{\"@context\":\"https:\\\/\\\/schema.org\",\"@graph\":[{\"@type\":\"WebPage\",\"@id\":\"https:\\\/\\\/www.soins-cp.com\\\/de\\\/lpg-shop\\\/gesichtskosmetik\\\/\",\"url\":\"https:\\\/\\\/www.soins-cp.com\\\/de\\\/lpg-shop\\\/gesichtskosmetik\\\/\",\"name\":\"Gesichtskosmetik LPG Endermologie &#187; CP-Pflege - LPG Solothurn Cellulite-Behandlung\",\"isPartOf\":{\"@id\":\"https:\\\/\\\/www.soins-cp.com\\\/de\\\/#website\"},\"datePublished\":\"2021-08-12T22:14:02+00:00\",\"dateModified\":\"2025-01-30T09:15:03+00:00\",\"breadcrumb\":{\"@id\":\"https:\\\/\\\/www.soins-cp.com\\\/de\\\/lpg-shop\\\/gesichtskosmetik\\\/#breadcrumb\"},\"inLanguage\":\"de\",\"potentialAction\":[{\"@type\":\"ReadAction\",\"target\":[\"https:\\\/\\\/www.soins-cp.com\\\/de\\\/lpg-shop\\\/gesichtskosmetik\\\/\"]}]},{\"@type\":\"BreadcrumbList\",\"@id\":\"https:\\\/\\\/www.soins-cp.com\\\/de\\\/lpg-shop\\\/gesichtskosmetik\\\/#breadcrumb\",\"itemListElement\":[{\"@type\":\"ListItem\",\"position\":1,\"name\":\"Accueil\",\"item\":\"https:\\\/\\\/www.soins-cp.com\\\/de\\\/startseite\\\/\"},{\"@type\":\"ListItem\",\"position\":2,\"name\":\"LPG-Shop\",\"item\":\"https:\\\/\\\/www.soins-cp.com\\\/de\\\/shop-lpg\\\/\"},{\"@type\":\"ListItem\",\"position\":3,\"name\":\"Gesichtskosmetik\"}]},{\"@type\":\"WebSite\",\"@id\":\"https:\\\/\\\/www.soins-cp.com\\\/de\\\/#website\",\"url\":\"https:\\\/\\\/www.soins-cp.com\\\/de\\\/\",\"name\":\"CP-Pflege - LPG Solothurn Cellulite-Behandlung\",\"description\":\"LPG endermologie - Soins Visage &amp; Corps\",\"publisher\":{\"@id\":\"https:\\\/\\\/www.soins-cp.com\\\/de\\\/#organization\"},\"potentialAction\":[{\"@type\":\"SearchAction\",\"target\":{\"@type\":\"EntryPoint\",\"urlTemplate\":\"https:\\\/\\\/www.soins-cp.com\\\/de\\\/?s={search_term_string}\"},\"query-input\":{\"@type\":\"PropertyValueSpecification\",\"valueRequired\":true,\"valueName\":\"search_term_string\"}}],\"inLanguage\":\"de\"},{\"@type\":\"Organization\",\"@id\":\"https:\\\/\\\/www.soins-cp.com\\\/de\\\/#organization\",\"name\":\"Soins CP\",\"url\":\"https:\\\/\\\/www.soins-cp.com\\\/de\\\/\",\"logo\":{\"@type\":\"ImageObject\",\"inLanguage\":\"de\",\"@id\":\"https:\\\/\\\/www.soins-cp.com\\\/de\\\/#\\\/schema\\\/logo\\\/image\\\/\",\"url\":\"https:\\\/\\\/www.soins-cp.com\\\/wp-content\\\/uploads\\\/2021\\\/06\\\/cropped-Logoendermologie-e1629976840663.jpg\",\"contentUrl\":\"https:\\\/\\\/www.soins-cp.com\\\/wp-content\\\/uploads\\\/2021\\\/06\\\/cropped-Logoendermologie-e1629976840663.jpg\",\"width\":160,\"height\":160,\"caption\":\"Soins CP\"},\"image\":{\"@id\":\"https:\\\/\\\/www.soins-cp.com\\\/de\\\/#\\\/schema\\\/logo\\\/image\\\/\"}}]}<\/script>\n<!-- \/ Yoast SEO plugin. -->","yoast_head_json":{"title":"Gesichtskosmetik LPG Endermologie &#187; CP-Pflege - LPG Solothurn Cellulite-Behandlung","robots":{"index":"index","follow":"follow","max-snippet":"max-snippet:-1","max-image-preview":"max-image-preview:large","max-video-preview":"max-video-preview:-1"},"canonical":"https:\/\/www.soins-cp.com\/de\/lpg-shop\/gesichtskosmetik\/","og_locale":"de_DE","og_type":"article","og_title":"Gesichtskosmetik LPG Endermologie &#187; CP-Pflege - LPG Solothurn Cellulite-Behandlung","og_description":"[vc_row css_animation=&#8220;&#8220; row_type=&#8220;row&#8220; use_row_as_full_screen_section=&#8220;no&#8220; type=&#8220;grid&#8220; angled_section=&#8220;no&#8220; text_align=&#8220;left&#8220; background_image_as_pattern=&#8220;without_pattern&#8220; css=&#8220;.vc_custom_1643929736409{padding-top: 70px !important;}&#8220; z_index=&#8220;&#8220;][vc_column][vc_row_inner row_type=&#8220;row&#8220; type=&#8220;full_width&#8220; text_align=&#8220;left&#8220; css_animation=&#8220;&#8220; css=&#8220;.vc_custom_1643929790480{padding-bottom: 40px !important;}&#8220;][vc_column_inner][vc_column_text] Entdecken Sie die Endermologie-Gesichtskosmetik. Die einzige Pflegeserie aus der Endermologie\u00ae. [\/vc_column_text][\/vc_column_inner][\/vc_row_inner][vc_row_inner row_type=&#8220;row&#8220; type=&#8220;full_width&#8220; text_align=&#8220;left&#8220; css_animation=&#8220;&#8220;][vc_column_inner width=&#8220;1\/2&#8243;][vc_column_text]Die LPG Systems Laboratories sind seit 30 Jahren Experten f\u00fcr die...","og_url":"https:\/\/www.soins-cp.com\/de\/lpg-shop\/gesichtskosmetik\/","og_site_name":"CP-Pflege - LPG Solothurn Cellulite-Behandlung","article_modified_time":"2025-01-30T09:15:03+00:00","twitter_card":"summary_large_image","twitter_misc":{"Gesch\u00e4tzte Lesezeit":"2\u00a0Minuten"},"schema":{"@context":"https:\/\/schema.org","@graph":[{"@type":"WebPage","@id":"https:\/\/www.soins-cp.com\/de\/lpg-shop\/gesichtskosmetik\/","url":"https:\/\/www.soins-cp.com\/de\/lpg-shop\/gesichtskosmetik\/","name":"Gesichtskosmetik LPG Endermologie &#187; CP-Pflege - LPG Solothurn Cellulite-Behandlung","isPartOf":{"@id":"https:\/\/www.soins-cp.com\/de\/#website"},"datePublished":"2021-08-12T22:14:02+00:00","dateModified":"2025-01-30T09:15:03+00:00","breadcrumb":{"@id":"https:\/\/www.soins-cp.com\/de\/lpg-shop\/gesichtskosmetik\/#breadcrumb"},"inLanguage":"de","potentialAction":[{"@type":"ReadAction","target":["https:\/\/www.soins-cp.com\/de\/lpg-shop\/gesichtskosmetik\/"]}]},{"@type":"BreadcrumbList","@id":"https:\/\/www.soins-cp.com\/de\/lpg-shop\/gesichtskosmetik\/#breadcrumb","itemListElement":[{"@type":"ListItem","position":1,"name":"Accueil","item":"https:\/\/www.soins-cp.com\/de\/startseite\/"},{"@type":"ListItem","position":2,"name":"LPG-Shop","item":"https:\/\/www.soins-cp.com\/de\/shop-lpg\/"},{"@type":"ListItem","position":3,"name":"Gesichtskosmetik"}]},{"@type":"WebSite","@id":"https:\/\/www.soins-cp.com\/de\/#website","url":"https:\/\/www.soins-cp.com\/de\/","name":"CP-Pflege - LPG Solothurn Cellulite-Behandlung","description":"LPG endermologie - Soins Visage &amp; Corps","publisher":{"@id":"https:\/\/www.soins-cp.com\/de\/#organization"},"potentialAction":[{"@type":"SearchAction","target":{"@type":"EntryPoint","urlTemplate":"https:\/\/www.soins-cp.com\/de\/?s={search_term_string}"},"query-input":{"@type":"PropertyValueSpecification","valueRequired":true,"valueName":"search_term_string"}}],"inLanguage":"de"},{"@type":"Organization","@id":"https:\/\/www.soins-cp.com\/de\/#organization","name":"Soins CP","url":"https:\/\/www.soins-cp.com\/de\/","logo":{"@type":"ImageObject","inLanguage":"de","@id":"https:\/\/www.soins-cp.com\/de\/#\/schema\/logo\/image\/","url":"https:\/\/www.soins-cp.com\/wp-content\/uploads\/2021\/06\/cropped-Logoendermologie-e1629976840663.jpg","contentUrl":"https:\/\/www.soins-cp.com\/wp-content\/uploads\/2021\/06\/cropped-Logoendermologie-e1629976840663.jpg","width":160,"height":160,"caption":"Soins CP"},"image":{"@id":"https:\/\/www.soins-cp.com\/de\/#\/schema\/logo\/image\/"}}]}},"_links":{"self":[{"href":"https:\/\/www.soins-cp.com\/de\/wp-json\/wp\/v2\/pages\/1579","targetHints":{"allow":["GET"]}}],"collection":[{"href":"https:\/\/www.soins-cp.com\/de\/wp-json\/wp\/v2\/pages"}],"about":[{"href":"https:\/\/www.soins-cp.com\/de\/wp-json\/wp\/v2\/types\/page"}],"author":[{"embeddable":true,"href":"https:\/\/www.soins-cp.com\/de\/wp-json\/wp\/v2\/users\/1"}],"replies":[{"embeddable":true,"href":"https:\/\/www.soins-cp.com\/de\/wp-json\/wp\/v2\/comments?post=1579"}],"version-history":[{"count":9,"href":"https:\/\/www.soins-cp.com\/de\/wp-json\/wp\/v2\/pages\/1579\/revisions"}],"predecessor-version":[{"id":1736,"href":"https:\/\/www.soins-cp.com\/de\/wp-json\/wp\/v2\/pages\/1579\/revisions\/1736"}],"up":[{"embeddable":true,"href":"https:\/\/www.soins-cp.com\/de\/wp-json\/wp\/v2\/pages\/1538"}],"wp:attachment":[{"href":"https:\/\/www.soins-cp.com\/de\/wp-json\/wp\/v2\/media?parent=1579"}],"curies":[{"name":"wp","href":"https:\/\/api.w.org\/{rel}","templated":true}]}}